{"id":972,"date":"2024-06-28T15:50:58","date_gmt":"2024-06-28T13:50:58","guid":{"rendered":"https:\/\/orthopara.store\/?post_type=product&#038;p=972"},"modified":"2024-11-07T09:24:35","modified_gmt":"2024-11-07T08:24:35","slug":"baume-a-levres-reparateur-intensif-kenko-lanolips-15ml","status":"publish","type":"product","link":"https:\/\/orthopara.store\/?product=baume-a-levres-reparateur-intensif-kenko-lanolips-15ml","title":{"rendered":"Baume \u00e0 l\u00e8vres r\u00e9parateur intensif &#8211; Kenko Lanolips &#8211; 15ml"},"content":{"rendered":"<p>Baume \u00e0 l\u00e8vres r\u00e9parateur intensif &#8211; Kenko Lanolips &#8211; 15ml<br \/>\nLanolips est un soin intensif r\u00e9parateur naturel de qualit\u00e9 pharmaceutique. Gr\u00e2ce \u00e0 sa composition riche en \u00e9l\u00e9ments hydratants naturels, elle r\u00e9pare, prot\u00e8ge et hydrate vos l\u00e8vres abim\u00e9es. Elle rend vos l\u00e8vres douces et soyeuses.<br \/>\nActifs d\u2019origine naturelle<br \/>\n&#8211; L\u2019 AQUAXYL\u2122 est un complexe 100 % naturel, certifi\u00e9 par ECOCERT. Ce composant forme avec la glyc\u00e9rine un film protecteur qui prot\u00e8ge vos l\u00e8vres contre la d\u00e9shydratation.<br \/>\n&#8211; La cire d\u2019abeille soigne les ger\u00e7ures fr\u00e9quentes en hiver et prot\u00e8ge contre le soleil en \u00e9t\u00e9. Une solution naturelle intemporelle.<\/p>\n<p>&#8211; Le beurre de karit\u00e9 est connu pour ses propri\u00e9t\u00e9s nourrissantes.<\/p>\n<p>&#8211; L\u2019huile de ricin, agit en profondeur pour l\u2019hydratation et la beaut\u00e9 de vos l\u00e8vres.<\/p>\n<p>Conseils d\u2019utilisation :<br \/>\nAppliquez sur les l\u00e8vres \u00e0 l&rsquo;aide de son embout biseaut\u00e9 aussi souvent que n\u00e9cessaire.<\/p>\n","protected":false},"excerpt":{"rendered":"<p>Kenko Lanolips\u00a0<br \/>\nBaume \u00e0 l\u00e8vres r\u00e9parateur intensif\u00a0<\/p>\n<p>Lanolips est un soin intensif r\u00e9parateur \u00e0 base d&rsquo;ingr\u00e9dients d&rsquo;origine naturelle de qualit\u00e9 pharmaceutique destin\u00e9 pour l\u00e8vres abim\u00e9es et gerc\u00e9es.<\/p>\n<p>Contenance : 15ml<br \/>\nDLC : 02\/2026<\/p>\n","protected":false},"featured_media":998,"comment_status":"open","ping_status":"closed","template":"","meta":[],"pwb-brand":[110],"product_cat":[106],"product_tag":[],"class_list":{"0":"post-972","1":"product","2":"type-product","3":"status-publish","4":"has-post-thumbnail","6":"pwb-brand-kenko","7":"product_cat-soins-des-levres","8":"post","9":"ws-product--style-1","11":"first","12":"instock","13":"shipping-taxable","14":"purchasable","15":"product-type-simple"},"yoast_head":"<!-- This site is optimized with the Yoast SEO plugin v23.0 - https:\/\/yoast.com\/wordpress\/plugins\/seo\/ -->\n<title>Baume \u00e0 l\u00e8vres r\u00e9parateur intensif - Kenko Lanolips - 15ml - OrthoPara<\/title>\n<meta name=\"robots\" content=\"index, follow, max-snippet:-1, max-image-preview:large, max-video-preview:-1\" \/>\n<link rel=\"canonical\" href=\"https:\/\/orthopara.store\/index.php\/produit\/baume-a-levres-reparateur-intensif-kenko-lanolips-15ml\/\" \/>\n<meta property=\"og:locale\" content=\"fr_FR\" \/>\n<meta property=\"og:type\" content=\"article\" \/>\n<meta property=\"og:title\" content=\"Baume \u00e0 l\u00e8vres r\u00e9parateur intensif - Kenko Lanolips - 15ml - OrthoPara\" \/>\n<meta property=\"og:description\" content=\"Kenko Lanolips\u00a0 Baume \u00e0 l\u00e8vres r\u00e9parateur intensif\u00a0 Lanolips est un soin intensif r\u00e9parateur \u00e0 base d&#039;ingr\u00e9dients d&#039;origine naturelle de qualit\u00e9 pharmaceutique destin\u00e9 pour l\u00e8vres abim\u00e9es et gerc\u00e9es. Contenance : 15ml DLC : 02\/2026\" \/>\n<meta property=\"og:url\" content=\"https:\/\/orthopara.store\/index.php\/produit\/baume-a-levres-reparateur-intensif-kenko-lanolips-15ml\/\" \/>\n<meta property=\"og:site_name\" content=\"OrthoPara\" \/>\n<meta property=\"article:publisher\" content=\"https:\/\/www.facebook.com\/profile.php?id=61561194315651\" \/>\n<meta property=\"article:modified_time\" content=\"2024-11-07T08:24:35+00:00\" \/>\n<meta property=\"og:image\" content=\"https:\/\/orthopara.store\/wp-content\/uploads\/2024\/06\/baume-a-levres-reparateur-intensif-kenko-lanolips-15ml.jpg\" \/>\n\t<meta property=\"og:image:width\" content=\"800\" \/>\n\t<meta property=\"og:image:height\" content=\"800\" \/>\n\t<meta property=\"og:image:type\" content=\"image\/jpeg\" \/>\n<meta name=\"twitter:card\" content=\"summary_large_image\" \/>\n<meta name=\"twitter:label1\" content=\"Dur\u00e9e de lecture estim\u00e9e\" \/>\n\t<meta name=\"twitter:data1\" content=\"1 minute\" \/>\n<script type=\"application\/ld+json\" class=\"yoast-schema-graph\">{\"@context\":\"https:\/\/schema.org\",\"@graph\":[{\"@type\":\"WebPage\",\"@id\":\"https:\/\/orthopara.store\/index.php\/produit\/baume-a-levres-reparateur-intensif-kenko-lanolips-15ml\/\",\"url\":\"https:\/\/orthopara.store\/index.php\/produit\/baume-a-levres-reparateur-intensif-kenko-lanolips-15ml\/\",\"name\":\"Baume \u00e0 l\u00e8vres r\u00e9parateur intensif - Kenko Lanolips - 15ml - OrthoPara\",\"isPartOf\":{\"@id\":\"https:\/\/orthopara.store\/#website\"},\"primaryImageOfPage\":{\"@id\":\"https:\/\/orthopara.store\/index.php\/produit\/baume-a-levres-reparateur-intensif-kenko-lanolips-15ml\/#primaryimage\"},\"image\":{\"@id\":\"https:\/\/orthopara.store\/index.php\/produit\/baume-a-levres-reparateur-intensif-kenko-lanolips-15ml\/#primaryimage\"},\"thumbnailUrl\":\"https:\/\/orthopara.store\/wp-content\/uploads\/2024\/06\/baume-a-levres-reparateur-intensif-kenko-lanolips-15ml.jpg\",\"datePublished\":\"2024-06-28T13:50:58+00:00\",\"dateModified\":\"2024-11-07T08:24:35+00:00\",\"breadcrumb\":{\"@id\":\"https:\/\/orthopara.store\/index.php\/produit\/baume-a-levres-reparateur-intensif-kenko-lanolips-15ml\/#breadcrumb\"},\"inLanguage\":\"fr-FR\",\"potentialAction\":[{\"@type\":\"ReadAction\",\"target\":[\"https:\/\/orthopara.store\/index.php\/produit\/baume-a-levres-reparateur-intensif-kenko-lanolips-15ml\/\"]}]},{\"@type\":\"ImageObject\",\"inLanguage\":\"fr-FR\",\"@id\":\"https:\/\/orthopara.store\/index.php\/produit\/baume-a-levres-reparateur-intensif-kenko-lanolips-15ml\/#primaryimage\",\"url\":\"https:\/\/orthopara.store\/wp-content\/uploads\/2024\/06\/baume-a-levres-reparateur-intensif-kenko-lanolips-15ml.jpg\",\"contentUrl\":\"https:\/\/orthopara.store\/wp-content\/uploads\/2024\/06\/baume-a-levres-reparateur-intensif-kenko-lanolips-15ml.jpg\",\"width\":800,\"height\":800},{\"@type\":\"BreadcrumbList\",\"@id\":\"https:\/\/orthopara.store\/index.php\/produit\/baume-a-levres-reparateur-intensif-kenko-lanolips-15ml\/#breadcrumb\",\"itemListElement\":[{\"@type\":\"ListItem\",\"position\":1,\"name\":\"Accueil\",\"item\":\"https:\/\/orthopara.store\/\"},{\"@type\":\"ListItem\",\"position\":2,\"name\":\"Shop\",\"item\":\"https:\/\/orthopara.store\/?page_id=622\"},{\"@type\":\"ListItem\",\"position\":3,\"name\":\"Baume \u00e0 l\u00e8vres r\u00e9parateur intensif &#8211; Kenko Lanolips &#8211; 15ml\"}]},{\"@type\":\"WebSite\",\"@id\":\"https:\/\/orthopara.store\/#website\",\"url\":\"https:\/\/orthopara.store\/\",\"name\":\"OrthoPara\",\"description\":\"Parapharmacie\",\"publisher\":{\"@id\":\"https:\/\/orthopara.store\/#organization\"},\"potentialAction\":[{\"@type\":\"SearchAction\",\"target\":{\"@type\":\"EntryPoint\",\"urlTemplate\":\"https:\/\/orthopara.store\/?s={search_term_string}\"},\"query-input\":\"required name=search_term_string\"}],\"inLanguage\":\"fr-FR\"},{\"@type\":\"Organization\",\"@id\":\"https:\/\/orthopara.store\/#organization\",\"name\":\"OrthoPara\",\"url\":\"https:\/\/orthopara.store\/\",\"logo\":{\"@type\":\"ImageObject\",\"inLanguage\":\"fr-FR\",\"@id\":\"https:\/\/orthopara.store\/#\/schema\/logo\/image\/\",\"url\":\"https:\/\/orthopara.store\/wp-content\/uploads\/2024\/06\/cropped-9ABA8BAD-6256-4719-9315-15C66E64E882.png\",\"contentUrl\":\"https:\/\/orthopara.store\/wp-content\/uploads\/2024\/06\/cropped-9ABA8BAD-6256-4719-9315-15C66E64E882.png\",\"width\":240,\"height\":72,\"caption\":\"OrthoPara\"},\"image\":{\"@id\":\"https:\/\/orthopara.store\/#\/schema\/logo\/image\/\"},\"sameAs\":[\"https:\/\/www.facebook.com\/profile.php?id=61561194315651\",\"https:\/\/www.instagram.com\/orthopara_tunisie\/\"]}]}<\/script>\n<!-- \/ Yoast SEO plugin. -->","yoast_head_json":{"title":"Baume \u00e0 l\u00e8vres r\u00e9parateur intensif - Kenko Lanolips - 15ml - OrthoPara","robots":{"index":"index","follow":"follow","max-snippet":"max-snippet:-1","max-image-preview":"max-image-preview:large","max-video-preview":"max-video-preview:-1"},"canonical":"https:\/\/orthopara.store\/index.php\/produit\/baume-a-levres-reparateur-intensif-kenko-lanolips-15ml\/","og_locale":"fr_FR","og_type":"article","og_title":"Baume \u00e0 l\u00e8vres r\u00e9parateur intensif - Kenko Lanolips - 15ml - OrthoPara","og_description":"Kenko Lanolips\u00a0 Baume \u00e0 l\u00e8vres r\u00e9parateur intensif\u00a0 Lanolips est un soin intensif r\u00e9parateur \u00e0 base d'ingr\u00e9dients d'origine naturelle de qualit\u00e9 pharmaceutique destin\u00e9 pour l\u00e8vres abim\u00e9es et gerc\u00e9es. Contenance : 15ml DLC : 02\/2026","og_url":"https:\/\/orthopara.store\/index.php\/produit\/baume-a-levres-reparateur-intensif-kenko-lanolips-15ml\/","og_site_name":"OrthoPara","article_publisher":"https:\/\/www.facebook.com\/profile.php?id=61561194315651","article_modified_time":"2024-11-07T08:24:35+00:00","og_image":[{"width":800,"height":800,"url":"https:\/\/orthopara.store\/wp-content\/uploads\/2024\/06\/baume-a-levres-reparateur-intensif-kenko-lanolips-15ml.jpg","type":"image\/jpeg"}],"twitter_card":"summary_large_image","twitter_misc":{"Dur\u00e9e de lecture estim\u00e9e":"1 minute"},"schema":{"@context":"https:\/\/schema.org","@graph":[{"@type":"WebPage","@id":"https:\/\/orthopara.store\/index.php\/produit\/baume-a-levres-reparateur-intensif-kenko-lanolips-15ml\/","url":"https:\/\/orthopara.store\/index.php\/produit\/baume-a-levres-reparateur-intensif-kenko-lanolips-15ml\/","name":"Baume \u00e0 l\u00e8vres r\u00e9parateur intensif - Kenko Lanolips - 15ml - OrthoPara","isPartOf":{"@id":"https:\/\/orthopara.store\/#website"},"primaryImageOfPage":{"@id":"https:\/\/orthopara.store\/index.php\/produit\/baume-a-levres-reparateur-intensif-kenko-lanolips-15ml\/#primaryimage"},"image":{"@id":"https:\/\/orthopara.store\/index.php\/produit\/baume-a-levres-reparateur-intensif-kenko-lanolips-15ml\/#primaryimage"},"thumbnailUrl":"https:\/\/orthopara.store\/wp-content\/uploads\/2024\/06\/baume-a-levres-reparateur-intensif-kenko-lanolips-15ml.jpg","datePublished":"2024-06-28T13:50:58+00:00","dateModified":"2024-11-07T08:24:35+00:00","breadcrumb":{"@id":"https:\/\/orthopara.store\/index.php\/produit\/baume-a-levres-reparateur-intensif-kenko-lanolips-15ml\/#breadcrumb"},"inLanguage":"fr-FR","potentialAction":[{"@type":"ReadAction","target":["https:\/\/orthopara.store\/index.php\/produit\/baume-a-levres-reparateur-intensif-kenko-lanolips-15ml\/"]}]},{"@type":"ImageObject","inLanguage":"fr-FR","@id":"https:\/\/orthopara.store\/index.php\/produit\/baume-a-levres-reparateur-intensif-kenko-lanolips-15ml\/#primaryimage","url":"https:\/\/orthopara.store\/wp-content\/uploads\/2024\/06\/baume-a-levres-reparateur-intensif-kenko-lanolips-15ml.jpg","contentUrl":"https:\/\/orthopara.store\/wp-content\/uploads\/2024\/06\/baume-a-levres-reparateur-intensif-kenko-lanolips-15ml.jpg","width":800,"height":800},{"@type":"BreadcrumbList","@id":"https:\/\/orthopara.store\/index.php\/produit\/baume-a-levres-reparateur-intensif-kenko-lanolips-15ml\/#breadcrumb","itemListElement":[{"@type":"ListItem","position":1,"name":"Accueil","item":"https:\/\/orthopara.store\/"},{"@type":"ListItem","position":2,"name":"Shop","item":"https:\/\/orthopara.store\/?page_id=622"},{"@type":"ListItem","position":3,"name":"Baume \u00e0 l\u00e8vres r\u00e9parateur intensif &#8211; Kenko Lanolips &#8211; 15ml"}]},{"@type":"WebSite","@id":"https:\/\/orthopara.store\/#website","url":"https:\/\/orthopara.store\/","name":"OrthoPara","description":"Parapharmacie","publisher":{"@id":"https:\/\/orthopara.store\/#organization"},"potentialAction":[{"@type":"SearchAction","target":{"@type":"EntryPoint","urlTemplate":"https:\/\/orthopara.store\/?s={search_term_string}"},"query-input":"required name=search_term_string"}],"inLanguage":"fr-FR"},{"@type":"Organization","@id":"https:\/\/orthopara.store\/#organization","name":"OrthoPara","url":"https:\/\/orthopara.store\/","logo":{"@type":"ImageObject","inLanguage":"fr-FR","@id":"https:\/\/orthopara.store\/#\/schema\/logo\/image\/","url":"https:\/\/orthopara.store\/wp-content\/uploads\/2024\/06\/cropped-9ABA8BAD-6256-4719-9315-15C66E64E882.png","contentUrl":"https:\/\/orthopara.store\/wp-content\/uploads\/2024\/06\/cropped-9ABA8BAD-6256-4719-9315-15C66E64E882.png","width":240,"height":72,"caption":"OrthoPara"},"image":{"@id":"https:\/\/orthopara.store\/#\/schema\/logo\/image\/"},"sameAs":["https:\/\/www.facebook.com\/profile.php?id=61561194315651","https:\/\/www.instagram.com\/orthopara_tunisie\/"]}]}},"jetpack_sharing_enabled":true,"brands":[{"id":110,"name":"Kenko","slug":"kenko"}],"_links":{"self":[{"href":"https:\/\/orthopara.store\/index.php?rest_route=\/wp\/v2\/product\/972","targetHints":{"allow":["GET"]}}],"collection":[{"href":"https:\/\/orthopara.store\/index.php?rest_route=\/wp\/v2\/product"}],"about":[{"href":"https:\/\/orthopara.store\/index.php?rest_route=\/wp\/v2\/types\/product"}],"replies":[{"embeddable":true,"href":"https:\/\/orthopara.store\/index.php?rest_route=%2Fwp%2Fv2%2Fcomments&post=972"}],"wp:featuredmedia":[{"embeddable":true,"href":"https:\/\/orthopara.store\/index.php?rest_route=\/wp\/v2\/media\/998"}],"wp:attachment":[{"href":"https:\/\/orthopara.store\/index.php?rest_route=%2Fwp%2Fv2%2Fmedia&parent=972"}],"wp:term":[{"taxonomy":"pwb-brand","embeddable":true,"href":"https:\/\/orthopara.store\/index.php?rest_route=%2Fwp%2Fv2%2Fpwb-brand&post=972"},{"taxonomy":"product_cat","embeddable":true,"href":"https:\/\/orthopara.store\/index.php?rest_route=%2Fwp%2Fv2%2Fproduct_cat&post=972"},{"taxonomy":"product_tag","embeddable":true,"href":"https:\/\/orthopara.store\/index.php?rest_route=%2Fwp%2Fv2%2Fproduct_tag&post=972"}],"curies":[{"name":"wp","href":"https:\/\/api.w.org\/{rel}","templated":true}]}}