{"id":974,"date":"2024-06-28T15:50:58","date_gmt":"2024-06-28T13:50:58","guid":{"rendered":"https:\/\/orthopara.store\/?post_type=product&#038;p=974"},"modified":"2024-06-28T15:51:05","modified_gmt":"2024-06-28T13:51:05","slug":"ultrasun-baume-a-levres-protecteur-spf-50-48gr","status":"publish","type":"product","link":"https:\/\/orthopara.store\/?product=ultrasun-baume-a-levres-protecteur-spf-50-48gr","title":{"rendered":"Ultrasun &#8211; Baume \u00e0 l\u00e8vres protecteur spf 50 &#8211; 4,8gr"},"content":{"rendered":"<p>Hydratant, protecteur UV Ultrasun Lip Protection &#038; Care prot\u00e8ge du soleil, du vent et du froid (protection UVA et UVB). Il Fournit des soins intensifs et de l&rsquo;hydratation aux l\u00e8vres s\u00e8ches et gerc\u00e9es avec de :<br \/>\nL\u2019huile d&rsquo;argan et du beurre de karit\u00e9,<br \/>\nSans colorants artificiels, \u00e0 temp\u00e9rature stable.<br \/>\nR\u00e9sistant \u00e0 l&rsquo;eau<br \/>\nSans parfum<br \/>\nAide \u00e0 pr\u00e9venir les allergies au soleil<br \/>\nSensation de peau claire<br \/>\nNon com\u00e9dog\u00e8ne<\/p>\n<p>Composition :\u00a0<br \/>\nActifs cl\u00e9s :<br \/>\nL&rsquo;huile d&rsquo;argan et du beurre de karit\u00e9,<br \/>\nIngr\u00e9dients :<br \/>\nRicinus Communis Seed Oil, Cera Alba, Dibutyl Adipate, Diethylamino Hydroxybenzoyl Hexyl Benzoate, Diethylhexyl Butamido Triazone, C12-15 Alkyl Benzoate, Dicaprylyl Carbonate, Butyrospermum Parkii Butter, Ethylhexyl Triazone, Argania Spinosa Kernel Oil, Euphorbia Cerifera Cera, Tocopheryl Acetate, Zinc Oxide, Bis-Ethylhexyloxyphenol Methoxyphenyl Triazine, Aroma, Ethylhexyl Salicylate, Bisabolol.<\/p>\n<p>Poids net : 4,8gr<\/p>\n","protected":false},"excerpt":{"rendered":"<p>Prot\u00e8ge du froid, du vent et du soleil (rayons UVA et UVB). Contient de l&rsquo;huile d&rsquo;argan et du beurre de karit\u00e9 qui apaisent les l\u00e8vres gerc\u00e9es et ab\u00eem\u00e9es. Sans colorant artificiel. Stable \u00e0 toute temp\u00e9rature.\u00a0<br \/>\nDLC 18 mois apr\u00e8s l&rsquo;ouverture<\/p>\n","protected":false},"featured_media":1000,"comment_status":"open","ping_status":"closed","template":"","meta":[],"pwb-brand":[111],"product_cat":[106],"product_tag":[],"class_list":{"0":"post-974","1":"product","2":"type-product","3":"status-publish","4":"has-post-thumbnail","6":"pwb-brand-ultrasun","7":"product_cat-soins-des-levres","8":"post","9":"ws-product--style-1","11":"first","12":"instock","13":"shipping-taxable","14":"purchasable","15":"product-type-simple"},"yoast_head":"<!-- This site is optimized with the Yoast SEO plugin v23.0 - https:\/\/yoast.com\/wordpress\/plugins\/seo\/ -->\n<title>Ultrasun - Baume \u00e0 l\u00e8vres protecteur spf 50 - 4,8gr - OrthoPara<\/title>\n<meta name=\"robots\" content=\"index, follow, max-snippet:-1, max-image-preview:large, max-video-preview:-1\" \/>\n<link rel=\"canonical\" href=\"https:\/\/orthopara.store\/index.php\/produit\/ultrasun-baume-a-levres-protecteur-spf-50-48gr\/\" \/>\n<meta property=\"og:locale\" content=\"fr_FR\" \/>\n<meta property=\"og:type\" content=\"article\" \/>\n<meta property=\"og:title\" content=\"Ultrasun - Baume \u00e0 l\u00e8vres protecteur spf 50 - 4,8gr - OrthoPara\" \/>\n<meta property=\"og:description\" content=\"Prot\u00e8ge du froid, du vent et du soleil (rayons UVA et UVB). Contient de l&#039;huile d&#039;argan et du beurre de karit\u00e9 qui apaisent les l\u00e8vres gerc\u00e9es et ab\u00eem\u00e9es. Sans colorant artificiel. Stable \u00e0 toute temp\u00e9rature.\u00a0 DLC 18 mois apr\u00e8s l&#039;ouverture\" \/>\n<meta property=\"og:url\" content=\"https:\/\/orthopara.store\/index.php\/produit\/ultrasun-baume-a-levres-protecteur-spf-50-48gr\/\" \/>\n<meta property=\"og:site_name\" content=\"OrthoPara\" \/>\n<meta property=\"article:publisher\" content=\"https:\/\/www.facebook.com\/profile.php?id=61561194315651\" \/>\n<meta property=\"article:modified_time\" content=\"2024-06-28T13:51:05+00:00\" \/>\n<meta property=\"og:image\" content=\"https:\/\/orthopara.store\/wp-content\/uploads\/2024\/06\/baume-a-levres-protecteur-spf-50-ultrasun-48gr.jpg\" \/>\n\t<meta property=\"og:image:width\" content=\"800\" \/>\n\t<meta property=\"og:image:height\" content=\"800\" \/>\n\t<meta property=\"og:image:type\" content=\"image\/jpeg\" \/>\n<meta name=\"twitter:card\" content=\"summary_large_image\" \/>\n<meta name=\"twitter:label1\" content=\"Dur\u00e9e de lecture estim\u00e9e\" \/>\n\t<meta name=\"twitter:data1\" content=\"1 minute\" \/>\n<script type=\"application\/ld+json\" class=\"yoast-schema-graph\">{\"@context\":\"https:\/\/schema.org\",\"@graph\":[{\"@type\":\"WebPage\",\"@id\":\"https:\/\/orthopara.store\/index.php\/produit\/ultrasun-baume-a-levres-protecteur-spf-50-48gr\/\",\"url\":\"https:\/\/orthopara.store\/index.php\/produit\/ultrasun-baume-a-levres-protecteur-spf-50-48gr\/\",\"name\":\"Ultrasun - Baume \u00e0 l\u00e8vres protecteur spf 50 - 4,8gr - OrthoPara\",\"isPartOf\":{\"@id\":\"https:\/\/orthopara.store\/#website\"},\"primaryImageOfPage\":{\"@id\":\"https:\/\/orthopara.store\/index.php\/produit\/ultrasun-baume-a-levres-protecteur-spf-50-48gr\/#primaryimage\"},\"image\":{\"@id\":\"https:\/\/orthopara.store\/index.php\/produit\/ultrasun-baume-a-levres-protecteur-spf-50-48gr\/#primaryimage\"},\"thumbnailUrl\":\"https:\/\/orthopara.store\/wp-content\/uploads\/2024\/06\/baume-a-levres-protecteur-spf-50-ultrasun-48gr.jpg\",\"datePublished\":\"2024-06-28T13:50:58+00:00\",\"dateModified\":\"2024-06-28T13:51:05+00:00\",\"breadcrumb\":{\"@id\":\"https:\/\/orthopara.store\/index.php\/produit\/ultrasun-baume-a-levres-protecteur-spf-50-48gr\/#breadcrumb\"},\"inLanguage\":\"fr-FR\",\"potentialAction\":[{\"@type\":\"ReadAction\",\"target\":[\"https:\/\/orthopara.store\/index.php\/produit\/ultrasun-baume-a-levres-protecteur-spf-50-48gr\/\"]}]},{\"@type\":\"ImageObject\",\"inLanguage\":\"fr-FR\",\"@id\":\"https:\/\/orthopara.store\/index.php\/produit\/ultrasun-baume-a-levres-protecteur-spf-50-48gr\/#primaryimage\",\"url\":\"https:\/\/orthopara.store\/wp-content\/uploads\/2024\/06\/baume-a-levres-protecteur-spf-50-ultrasun-48gr.jpg\",\"contentUrl\":\"https:\/\/orthopara.store\/wp-content\/uploads\/2024\/06\/baume-a-levres-protecteur-spf-50-ultrasun-48gr.jpg\",\"width\":800,\"height\":800},{\"@type\":\"BreadcrumbList\",\"@id\":\"https:\/\/orthopara.store\/index.php\/produit\/ultrasun-baume-a-levres-protecteur-spf-50-48gr\/#breadcrumb\",\"itemListElement\":[{\"@type\":\"ListItem\",\"position\":1,\"name\":\"Accueil\",\"item\":\"https:\/\/orthopara.store\/\"},{\"@type\":\"ListItem\",\"position\":2,\"name\":\"Shop\",\"item\":\"https:\/\/orthopara.store\/?page_id=622\"},{\"@type\":\"ListItem\",\"position\":3,\"name\":\"Ultrasun &#8211; Baume \u00e0 l\u00e8vres protecteur spf 50 &#8211; 4,8gr\"}]},{\"@type\":\"WebSite\",\"@id\":\"https:\/\/orthopara.store\/#website\",\"url\":\"https:\/\/orthopara.store\/\",\"name\":\"OrthoPara\",\"description\":\"Parapharmacie\",\"publisher\":{\"@id\":\"https:\/\/orthopara.store\/#organization\"},\"potentialAction\":[{\"@type\":\"SearchAction\",\"target\":{\"@type\":\"EntryPoint\",\"urlTemplate\":\"https:\/\/orthopara.store\/?s={search_term_string}\"},\"query-input\":\"required name=search_term_string\"}],\"inLanguage\":\"fr-FR\"},{\"@type\":\"Organization\",\"@id\":\"https:\/\/orthopara.store\/#organization\",\"name\":\"OrthoPara\",\"url\":\"https:\/\/orthopara.store\/\",\"logo\":{\"@type\":\"ImageObject\",\"inLanguage\":\"fr-FR\",\"@id\":\"https:\/\/orthopara.store\/#\/schema\/logo\/image\/\",\"url\":\"https:\/\/orthopara.store\/wp-content\/uploads\/2024\/06\/cropped-9ABA8BAD-6256-4719-9315-15C66E64E882.png\",\"contentUrl\":\"https:\/\/orthopara.store\/wp-content\/uploads\/2024\/06\/cropped-9ABA8BAD-6256-4719-9315-15C66E64E882.png\",\"width\":240,\"height\":72,\"caption\":\"OrthoPara\"},\"image\":{\"@id\":\"https:\/\/orthopara.store\/#\/schema\/logo\/image\/\"},\"sameAs\":[\"https:\/\/www.facebook.com\/profile.php?id=61561194315651\",\"https:\/\/www.instagram.com\/orthopara_tunisie\/\"]}]}<\/script>\n<!-- \/ Yoast SEO plugin. -->","yoast_head_json":{"title":"Ultrasun - Baume \u00e0 l\u00e8vres protecteur spf 50 - 4,8gr - OrthoPara","robots":{"index":"index","follow":"follow","max-snippet":"max-snippet:-1","max-image-preview":"max-image-preview:large","max-video-preview":"max-video-preview:-1"},"canonical":"https:\/\/orthopara.store\/index.php\/produit\/ultrasun-baume-a-levres-protecteur-spf-50-48gr\/","og_locale":"fr_FR","og_type":"article","og_title":"Ultrasun - Baume \u00e0 l\u00e8vres protecteur spf 50 - 4,8gr - OrthoPara","og_description":"Prot\u00e8ge du froid, du vent et du soleil (rayons UVA et UVB). Contient de l'huile d'argan et du beurre de karit\u00e9 qui apaisent les l\u00e8vres gerc\u00e9es et ab\u00eem\u00e9es. Sans colorant artificiel. Stable \u00e0 toute temp\u00e9rature.\u00a0 DLC 18 mois apr\u00e8s l'ouverture","og_url":"https:\/\/orthopara.store\/index.php\/produit\/ultrasun-baume-a-levres-protecteur-spf-50-48gr\/","og_site_name":"OrthoPara","article_publisher":"https:\/\/www.facebook.com\/profile.php?id=61561194315651","article_modified_time":"2024-06-28T13:51:05+00:00","og_image":[{"width":800,"height":800,"url":"https:\/\/orthopara.store\/wp-content\/uploads\/2024\/06\/baume-a-levres-protecteur-spf-50-ultrasun-48gr.jpg","type":"image\/jpeg"}],"twitter_card":"summary_large_image","twitter_misc":{"Dur\u00e9e de lecture estim\u00e9e":"1 minute"},"schema":{"@context":"https:\/\/schema.org","@graph":[{"@type":"WebPage","@id":"https:\/\/orthopara.store\/index.php\/produit\/ultrasun-baume-a-levres-protecteur-spf-50-48gr\/","url":"https:\/\/orthopara.store\/index.php\/produit\/ultrasun-baume-a-levres-protecteur-spf-50-48gr\/","name":"Ultrasun - Baume \u00e0 l\u00e8vres protecteur spf 50 - 4,8gr - OrthoPara","isPartOf":{"@id":"https:\/\/orthopara.store\/#website"},"primaryImageOfPage":{"@id":"https:\/\/orthopara.store\/index.php\/produit\/ultrasun-baume-a-levres-protecteur-spf-50-48gr\/#primaryimage"},"image":{"@id":"https:\/\/orthopara.store\/index.php\/produit\/ultrasun-baume-a-levres-protecteur-spf-50-48gr\/#primaryimage"},"thumbnailUrl":"https:\/\/orthopara.store\/wp-content\/uploads\/2024\/06\/baume-a-levres-protecteur-spf-50-ultrasun-48gr.jpg","datePublished":"2024-06-28T13:50:58+00:00","dateModified":"2024-06-28T13:51:05+00:00","breadcrumb":{"@id":"https:\/\/orthopara.store\/index.php\/produit\/ultrasun-baume-a-levres-protecteur-spf-50-48gr\/#breadcrumb"},"inLanguage":"fr-FR","potentialAction":[{"@type":"ReadAction","target":["https:\/\/orthopara.store\/index.php\/produit\/ultrasun-baume-a-levres-protecteur-spf-50-48gr\/"]}]},{"@type":"ImageObject","inLanguage":"fr-FR","@id":"https:\/\/orthopara.store\/index.php\/produit\/ultrasun-baume-a-levres-protecteur-spf-50-48gr\/#primaryimage","url":"https:\/\/orthopara.store\/wp-content\/uploads\/2024\/06\/baume-a-levres-protecteur-spf-50-ultrasun-48gr.jpg","contentUrl":"https:\/\/orthopara.store\/wp-content\/uploads\/2024\/06\/baume-a-levres-protecteur-spf-50-ultrasun-48gr.jpg","width":800,"height":800},{"@type":"BreadcrumbList","@id":"https:\/\/orthopara.store\/index.php\/produit\/ultrasun-baume-a-levres-protecteur-spf-50-48gr\/#breadcrumb","itemListElement":[{"@type":"ListItem","position":1,"name":"Accueil","item":"https:\/\/orthopara.store\/"},{"@type":"ListItem","position":2,"name":"Shop","item":"https:\/\/orthopara.store\/?page_id=622"},{"@type":"ListItem","position":3,"name":"Ultrasun &#8211; Baume \u00e0 l\u00e8vres protecteur spf 50 &#8211; 4,8gr"}]},{"@type":"WebSite","@id":"https:\/\/orthopara.store\/#website","url":"https:\/\/orthopara.store\/","name":"OrthoPara","description":"Parapharmacie","publisher":{"@id":"https:\/\/orthopara.store\/#organization"},"potentialAction":[{"@type":"SearchAction","target":{"@type":"EntryPoint","urlTemplate":"https:\/\/orthopara.store\/?s={search_term_string}"},"query-input":"required name=search_term_string"}],"inLanguage":"fr-FR"},{"@type":"Organization","@id":"https:\/\/orthopara.store\/#organization","name":"OrthoPara","url":"https:\/\/orthopara.store\/","logo":{"@type":"ImageObject","inLanguage":"fr-FR","@id":"https:\/\/orthopara.store\/#\/schema\/logo\/image\/","url":"https:\/\/orthopara.store\/wp-content\/uploads\/2024\/06\/cropped-9ABA8BAD-6256-4719-9315-15C66E64E882.png","contentUrl":"https:\/\/orthopara.store\/wp-content\/uploads\/2024\/06\/cropped-9ABA8BAD-6256-4719-9315-15C66E64E882.png","width":240,"height":72,"caption":"OrthoPara"},"image":{"@id":"https:\/\/orthopara.store\/#\/schema\/logo\/image\/"},"sameAs":["https:\/\/www.facebook.com\/profile.php?id=61561194315651","https:\/\/www.instagram.com\/orthopara_tunisie\/"]}]}},"jetpack_sharing_enabled":true,"brands":[{"id":111,"name":"ULTRASUN","slug":"ultrasun"}],"_links":{"self":[{"href":"https:\/\/orthopara.store\/index.php?rest_route=\/wp\/v2\/product\/974","targetHints":{"allow":["GET"]}}],"collection":[{"href":"https:\/\/orthopara.store\/index.php?rest_route=\/wp\/v2\/product"}],"about":[{"href":"https:\/\/orthopara.store\/index.php?rest_route=\/wp\/v2\/types\/product"}],"replies":[{"embeddable":true,"href":"https:\/\/orthopara.store\/index.php?rest_route=%2Fwp%2Fv2%2Fcomments&post=974"}],"wp:featuredmedia":[{"embeddable":true,"href":"https:\/\/orthopara.store\/index.php?rest_route=\/wp\/v2\/media\/1000"}],"wp:attachment":[{"href":"https:\/\/orthopara.store\/index.php?rest_route=%2Fwp%2Fv2%2Fmedia&parent=974"}],"wp:term":[{"taxonomy":"pwb-brand","embeddable":true,"href":"https:\/\/orthopara.store\/index.php?rest_route=%2Fwp%2Fv2%2Fpwb-brand&post=974"},{"taxonomy":"product_cat","embeddable":true,"href":"https:\/\/orthopara.store\/index.php?rest_route=%2Fwp%2Fv2%2Fproduct_cat&post=974"},{"taxonomy":"product_tag","embeddable":true,"href":"https:\/\/orthopara.store\/index.php?rest_route=%2Fwp%2Fv2%2Fproduct_tag&post=974"}],"curies":[{"name":"wp","href":"https:\/\/api.w.org\/{rel}","templated":true}]}}