{"id":977,"date":"2024-06-28T15:50:58","date_gmt":"2024-06-28T13:50:58","guid":{"rendered":"https:\/\/orthopara.store\/?post_type=product&#038;p=977"},"modified":"2024-11-04T17:29:00","modified_gmt":"2024-11-04T16:29:00","slug":"baume-a-levres-glyceriall-senteur-cerise-4gr","status":"publish","type":"product","link":"https:\/\/orthopara.store\/?product=baume-a-levres-glyceriall-senteur-cerise-4gr","title":{"rendered":"Baume \u00e0 l\u00e8vres &#8211; Glyceriall &#8211; senteur cerise &#8211; 4gr"},"content":{"rendered":"<p>Baume \u00e0 l\u00e8vres &#8211; Glyceriall &#8211; senteur cerise &#8211; 4gr<br \/>\nOffrez \u00e0 vos l\u00e8vres le soin qu&rsquo;elles m\u00e9ritent avec le Baume \u00e0 L\u00e8vres Glyceriall, sp\u00e9cialement con\u00e7u pour hydrater, prot\u00e9ger et sublimer vos l\u00e8vres tout en leur procurant une sensation de douceur in\u00e9gal\u00e9e.<br \/>\nCaract\u00e9ristiques principales :<br \/>\nHydratation Intense<br \/>\nTexture L\u00e9g\u00e8re et Non-Collante<br \/>\nEffet Sublimateur<br \/>\nAr\u00f4me Envo\u00fbtant de cerise : Profitez de l&rsquo;exp\u00e9rience sensorielle agr\u00e9able avec notre parfum envo\u00fbtant, qui ajoute une note subtile et d\u00e9licate \u00e0 chaque application.<br \/>\nConseils d&rsquo;utilisation :<br \/>\nAppliquez g\u00e9n\u00e9reusement le Baume \u00e0 L\u00e8vres Glyceriall sur vos l\u00e8vres propres et s\u00e8ches d\u00e8s que n\u00e9cessaire. Pour une hydratation maximale, utilisez-le matin et soir ou avant l&rsquo;application de votre rouge \u00e0 l\u00e8vres pr\u00e9f\u00e9r\u00e9.<br \/>\nIngr\u00e9dients :<br \/>\nPetrolatum, Butyropermumparkii Butter, Ricinus Communis.Cera, Alba.Paraffinum Liquidium, Isopropyl Myrestate, Benzophenone-3, Tocopheryl Acelate, Methylchlooroisothiazolinone, Methylisothiazolinone, aroma.\u00a0<br \/>\nPr\u00e9cautions :<br \/>\nPour usage externe uniquement. \u00c9vitez tout contact avec les yeux. \u00c0 conserver dans un endroit frais et sec, \u00e0 l&rsquo;abri de la chaleur et de la lumi\u00e8re directe du soleil. Tenir hors de port\u00e9e des enfants.<\/p>\n<p>Offrez \u00e0 vos l\u00e8vres le soin le plus doux et luxueux qu&rsquo;elles m\u00e9ritent avec notre Baume \u00e0 L\u00e8vres Glyceriall. Red\u00e9couvrez des l\u00e8vres hydrat\u00e9es, sublimes et irr\u00e9sistiblement douces. N&rsquo;attendez plus, offrez-vous un sourire \u00e9clatant de beaut\u00e9 naturelle d\u00e8s aujourd&rsquo;hui !<\/p>\n","protected":false},"excerpt":{"rendered":"<p>Glyceriall cerise<br \/>\nBaume \u00e0 l\u00e8vres<br \/>\nOffrez \u00e0 vos l\u00e8vres le soin qu&rsquo;elles m\u00e9ritent avec le Baume \u00e0 L\u00e8vres Glyceriall, sp\u00e9cialement con\u00e7u pour hydrater, prot\u00e9ger et sublimer vos l\u00e8vres tout en leur procurant une sensation de douceur in\u00e9gal\u00e9e.<br \/>\nProt\u00e8ge durablement<br \/>\nCalme, assouplie &#038; prot\u00e8ge<br \/>\nPour les l\u00e8vres abim\u00e9es<\/p>\n<p>Senteur cerise\u00a0<\/p>\n<p>Poids net : 4gr<\/p>\n","protected":false},"featured_media":1003,"comment_status":"open","ping_status":"closed","template":"","meta":[],"pwb-brand":[47],"product_cat":[106],"product_tag":[],"class_list":{"0":"post-977","1":"product","2":"type-product","3":"status-publish","4":"has-post-thumbnail","6":"pwb-brand-glyceriall","7":"product_cat-soins-des-levres","8":"post","9":"ws-product--style-1","11":"first","12":"instock","13":"shipping-taxable","14":"purchasable","15":"product-type-simple"},"yoast_head":"<!-- This site is optimized with the Yoast SEO plugin v23.0 - https:\/\/yoast.com\/wordpress\/plugins\/seo\/ -->\n<title>Baume \u00e0 l\u00e8vres - Glyceriall - senteur cerise - 4gr - OrthoPara<\/title>\n<meta name=\"robots\" content=\"index, follow, max-snippet:-1, max-image-preview:large, max-video-preview:-1\" \/>\n<link rel=\"canonical\" href=\"https:\/\/orthopara.store\/index.php\/produit\/baume-a-levres-glyceriall-senteur-cerise-4gr\/\" \/>\n<meta property=\"og:locale\" content=\"fr_FR\" \/>\n<meta property=\"og:type\" content=\"article\" \/>\n<meta property=\"og:title\" content=\"Baume \u00e0 l\u00e8vres - Glyceriall - senteur cerise - 4gr - OrthoPara\" \/>\n<meta property=\"og:description\" content=\"Glyceriall cerise Baume \u00e0 l\u00e8vres Offrez \u00e0 vos l\u00e8vres le soin qu&#039;elles m\u00e9ritent avec le Baume \u00e0 L\u00e8vres Glyceriall, sp\u00e9cialement con\u00e7u pour hydrater, prot\u00e9ger et sublimer vos l\u00e8vres tout en leur procurant une sensation de douceur in\u00e9gal\u00e9e. Prot\u00e8ge durablement Calme, assouplie &amp; prot\u00e8ge Pour les l\u00e8vres abim\u00e9es Senteur cerise\u00a0 Poids net : 4gr\" \/>\n<meta property=\"og:url\" content=\"https:\/\/orthopara.store\/index.php\/produit\/baume-a-levres-glyceriall-senteur-cerise-4gr\/\" \/>\n<meta property=\"og:site_name\" content=\"OrthoPara\" \/>\n<meta property=\"article:publisher\" content=\"https:\/\/www.facebook.com\/profile.php?id=61561194315651\" \/>\n<meta property=\"article:modified_time\" content=\"2024-11-04T16:29:00+00:00\" \/>\n<meta property=\"og:image\" content=\"https:\/\/orthopara.store\/wp-content\/uploads\/2024\/06\/baume-a-levres-glyceriall-senteur-cerise-4gr.jpg\" \/>\n\t<meta property=\"og:image:width\" content=\"800\" \/>\n\t<meta property=\"og:image:height\" content=\"800\" \/>\n\t<meta property=\"og:image:type\" content=\"image\/jpeg\" \/>\n<meta name=\"twitter:card\" content=\"summary_large_image\" \/>\n<meta name=\"twitter:label1\" content=\"Dur\u00e9e de lecture estim\u00e9e\" \/>\n\t<meta name=\"twitter:data1\" content=\"1 minute\" \/>\n<script type=\"application\/ld+json\" class=\"yoast-schema-graph\">{\"@context\":\"https:\/\/schema.org\",\"@graph\":[{\"@type\":\"WebPage\",\"@id\":\"https:\/\/orthopara.store\/index.php\/produit\/baume-a-levres-glyceriall-senteur-cerise-4gr\/\",\"url\":\"https:\/\/orthopara.store\/index.php\/produit\/baume-a-levres-glyceriall-senteur-cerise-4gr\/\",\"name\":\"Baume \u00e0 l\u00e8vres - Glyceriall - senteur cerise - 4gr - OrthoPara\",\"isPartOf\":{\"@id\":\"https:\/\/orthopara.store\/#website\"},\"primaryImageOfPage\":{\"@id\":\"https:\/\/orthopara.store\/index.php\/produit\/baume-a-levres-glyceriall-senteur-cerise-4gr\/#primaryimage\"},\"image\":{\"@id\":\"https:\/\/orthopara.store\/index.php\/produit\/baume-a-levres-glyceriall-senteur-cerise-4gr\/#primaryimage\"},\"thumbnailUrl\":\"https:\/\/orthopara.store\/wp-content\/uploads\/2024\/06\/baume-a-levres-glyceriall-senteur-cerise-4gr.jpg\",\"datePublished\":\"2024-06-28T13:50:58+00:00\",\"dateModified\":\"2024-11-04T16:29:00+00:00\",\"breadcrumb\":{\"@id\":\"https:\/\/orthopara.store\/index.php\/produit\/baume-a-levres-glyceriall-senteur-cerise-4gr\/#breadcrumb\"},\"inLanguage\":\"fr-FR\",\"potentialAction\":[{\"@type\":\"ReadAction\",\"target\":[\"https:\/\/orthopara.store\/index.php\/produit\/baume-a-levres-glyceriall-senteur-cerise-4gr\/\"]}]},{\"@type\":\"ImageObject\",\"inLanguage\":\"fr-FR\",\"@id\":\"https:\/\/orthopara.store\/index.php\/produit\/baume-a-levres-glyceriall-senteur-cerise-4gr\/#primaryimage\",\"url\":\"https:\/\/orthopara.store\/wp-content\/uploads\/2024\/06\/baume-a-levres-glyceriall-senteur-cerise-4gr.jpg\",\"contentUrl\":\"https:\/\/orthopara.store\/wp-content\/uploads\/2024\/06\/baume-a-levres-glyceriall-senteur-cerise-4gr.jpg\",\"width\":800,\"height\":800},{\"@type\":\"BreadcrumbList\",\"@id\":\"https:\/\/orthopara.store\/index.php\/produit\/baume-a-levres-glyceriall-senteur-cerise-4gr\/#breadcrumb\",\"itemListElement\":[{\"@type\":\"ListItem\",\"position\":1,\"name\":\"Accueil\",\"item\":\"https:\/\/orthopara.store\/\"},{\"@type\":\"ListItem\",\"position\":2,\"name\":\"Shop\",\"item\":\"https:\/\/orthopara.store\/?page_id=622\"},{\"@type\":\"ListItem\",\"position\":3,\"name\":\"Baume \u00e0 l\u00e8vres &#8211; Glyceriall &#8211; senteur cerise &#8211; 4gr\"}]},{\"@type\":\"WebSite\",\"@id\":\"https:\/\/orthopara.store\/#website\",\"url\":\"https:\/\/orthopara.store\/\",\"name\":\"OrthoPara\",\"description\":\"Parapharmacie\",\"publisher\":{\"@id\":\"https:\/\/orthopara.store\/#organization\"},\"potentialAction\":[{\"@type\":\"SearchAction\",\"target\":{\"@type\":\"EntryPoint\",\"urlTemplate\":\"https:\/\/orthopara.store\/?s={search_term_string}\"},\"query-input\":\"required name=search_term_string\"}],\"inLanguage\":\"fr-FR\"},{\"@type\":\"Organization\",\"@id\":\"https:\/\/orthopara.store\/#organization\",\"name\":\"OrthoPara\",\"url\":\"https:\/\/orthopara.store\/\",\"logo\":{\"@type\":\"ImageObject\",\"inLanguage\":\"fr-FR\",\"@id\":\"https:\/\/orthopara.store\/#\/schema\/logo\/image\/\",\"url\":\"https:\/\/orthopara.store\/wp-content\/uploads\/2024\/06\/cropped-9ABA8BAD-6256-4719-9315-15C66E64E882.png\",\"contentUrl\":\"https:\/\/orthopara.store\/wp-content\/uploads\/2024\/06\/cropped-9ABA8BAD-6256-4719-9315-15C66E64E882.png\",\"width\":240,\"height\":72,\"caption\":\"OrthoPara\"},\"image\":{\"@id\":\"https:\/\/orthopara.store\/#\/schema\/logo\/image\/\"},\"sameAs\":[\"https:\/\/www.facebook.com\/profile.php?id=61561194315651\",\"https:\/\/www.instagram.com\/orthopara_tunisie\/\"]}]}<\/script>\n<!-- \/ Yoast SEO plugin. -->","yoast_head_json":{"title":"Baume \u00e0 l\u00e8vres - Glyceriall - senteur cerise - 4gr - OrthoPara","robots":{"index":"index","follow":"follow","max-snippet":"max-snippet:-1","max-image-preview":"max-image-preview:large","max-video-preview":"max-video-preview:-1"},"canonical":"https:\/\/orthopara.store\/index.php\/produit\/baume-a-levres-glyceriall-senteur-cerise-4gr\/","og_locale":"fr_FR","og_type":"article","og_title":"Baume \u00e0 l\u00e8vres - Glyceriall - senteur cerise - 4gr - OrthoPara","og_description":"Glyceriall cerise Baume \u00e0 l\u00e8vres Offrez \u00e0 vos l\u00e8vres le soin qu'elles m\u00e9ritent avec le Baume \u00e0 L\u00e8vres Glyceriall, sp\u00e9cialement con\u00e7u pour hydrater, prot\u00e9ger et sublimer vos l\u00e8vres tout en leur procurant une sensation de douceur in\u00e9gal\u00e9e. Prot\u00e8ge durablement Calme, assouplie & prot\u00e8ge Pour les l\u00e8vres abim\u00e9es Senteur cerise\u00a0 Poids net : 4gr","og_url":"https:\/\/orthopara.store\/index.php\/produit\/baume-a-levres-glyceriall-senteur-cerise-4gr\/","og_site_name":"OrthoPara","article_publisher":"https:\/\/www.facebook.com\/profile.php?id=61561194315651","article_modified_time":"2024-11-04T16:29:00+00:00","og_image":[{"width":800,"height":800,"url":"https:\/\/orthopara.store\/wp-content\/uploads\/2024\/06\/baume-a-levres-glyceriall-senteur-cerise-4gr.jpg","type":"image\/jpeg"}],"twitter_card":"summary_large_image","twitter_misc":{"Dur\u00e9e de lecture estim\u00e9e":"1 minute"},"schema":{"@context":"https:\/\/schema.org","@graph":[{"@type":"WebPage","@id":"https:\/\/orthopara.store\/index.php\/produit\/baume-a-levres-glyceriall-senteur-cerise-4gr\/","url":"https:\/\/orthopara.store\/index.php\/produit\/baume-a-levres-glyceriall-senteur-cerise-4gr\/","name":"Baume \u00e0 l\u00e8vres - Glyceriall - senteur cerise - 4gr - OrthoPara","isPartOf":{"@id":"https:\/\/orthopara.store\/#website"},"primaryImageOfPage":{"@id":"https:\/\/orthopara.store\/index.php\/produit\/baume-a-levres-glyceriall-senteur-cerise-4gr\/#primaryimage"},"image":{"@id":"https:\/\/orthopara.store\/index.php\/produit\/baume-a-levres-glyceriall-senteur-cerise-4gr\/#primaryimage"},"thumbnailUrl":"https:\/\/orthopara.store\/wp-content\/uploads\/2024\/06\/baume-a-levres-glyceriall-senteur-cerise-4gr.jpg","datePublished":"2024-06-28T13:50:58+00:00","dateModified":"2024-11-04T16:29:00+00:00","breadcrumb":{"@id":"https:\/\/orthopara.store\/index.php\/produit\/baume-a-levres-glyceriall-senteur-cerise-4gr\/#breadcrumb"},"inLanguage":"fr-FR","potentialAction":[{"@type":"ReadAction","target":["https:\/\/orthopara.store\/index.php\/produit\/baume-a-levres-glyceriall-senteur-cerise-4gr\/"]}]},{"@type":"ImageObject","inLanguage":"fr-FR","@id":"https:\/\/orthopara.store\/index.php\/produit\/baume-a-levres-glyceriall-senteur-cerise-4gr\/#primaryimage","url":"https:\/\/orthopara.store\/wp-content\/uploads\/2024\/06\/baume-a-levres-glyceriall-senteur-cerise-4gr.jpg","contentUrl":"https:\/\/orthopara.store\/wp-content\/uploads\/2024\/06\/baume-a-levres-glyceriall-senteur-cerise-4gr.jpg","width":800,"height":800},{"@type":"BreadcrumbList","@id":"https:\/\/orthopara.store\/index.php\/produit\/baume-a-levres-glyceriall-senteur-cerise-4gr\/#breadcrumb","itemListElement":[{"@type":"ListItem","position":1,"name":"Accueil","item":"https:\/\/orthopara.store\/"},{"@type":"ListItem","position":2,"name":"Shop","item":"https:\/\/orthopara.store\/?page_id=622"},{"@type":"ListItem","position":3,"name":"Baume \u00e0 l\u00e8vres &#8211; Glyceriall &#8211; senteur cerise &#8211; 4gr"}]},{"@type":"WebSite","@id":"https:\/\/orthopara.store\/#website","url":"https:\/\/orthopara.store\/","name":"OrthoPara","description":"Parapharmacie","publisher":{"@id":"https:\/\/orthopara.store\/#organization"},"potentialAction":[{"@type":"SearchAction","target":{"@type":"EntryPoint","urlTemplate":"https:\/\/orthopara.store\/?s={search_term_string}"},"query-input":"required name=search_term_string"}],"inLanguage":"fr-FR"},{"@type":"Organization","@id":"https:\/\/orthopara.store\/#organization","name":"OrthoPara","url":"https:\/\/orthopara.store\/","logo":{"@type":"ImageObject","inLanguage":"fr-FR","@id":"https:\/\/orthopara.store\/#\/schema\/logo\/image\/","url":"https:\/\/orthopara.store\/wp-content\/uploads\/2024\/06\/cropped-9ABA8BAD-6256-4719-9315-15C66E64E882.png","contentUrl":"https:\/\/orthopara.store\/wp-content\/uploads\/2024\/06\/cropped-9ABA8BAD-6256-4719-9315-15C66E64E882.png","width":240,"height":72,"caption":"OrthoPara"},"image":{"@id":"https:\/\/orthopara.store\/#\/schema\/logo\/image\/"},"sameAs":["https:\/\/www.facebook.com\/profile.php?id=61561194315651","https:\/\/www.instagram.com\/orthopara_tunisie\/"]}]}},"jetpack_sharing_enabled":true,"brands":[{"id":47,"name":"Glyceriall","slug":"glyceriall"}],"_links":{"self":[{"href":"https:\/\/orthopara.store\/index.php?rest_route=\/wp\/v2\/product\/977","targetHints":{"allow":["GET"]}}],"collection":[{"href":"https:\/\/orthopara.store\/index.php?rest_route=\/wp\/v2\/product"}],"about":[{"href":"https:\/\/orthopara.store\/index.php?rest_route=\/wp\/v2\/types\/product"}],"replies":[{"embeddable":true,"href":"https:\/\/orthopara.store\/index.php?rest_route=%2Fwp%2Fv2%2Fcomments&post=977"}],"wp:featuredmedia":[{"embeddable":true,"href":"https:\/\/orthopara.store\/index.php?rest_route=\/wp\/v2\/media\/1003"}],"wp:attachment":[{"href":"https:\/\/orthopara.store\/index.php?rest_route=%2Fwp%2Fv2%2Fmedia&parent=977"}],"wp:term":[{"taxonomy":"pwb-brand","embeddable":true,"href":"https:\/\/orthopara.store\/index.php?rest_route=%2Fwp%2Fv2%2Fpwb-brand&post=977"},{"taxonomy":"product_cat","embeddable":true,"href":"https:\/\/orthopara.store\/index.php?rest_route=%2Fwp%2Fv2%2Fproduct_cat&post=977"},{"taxonomy":"product_tag","embeddable":true,"href":"https:\/\/orthopara.store\/index.php?rest_route=%2Fwp%2Fv2%2Fproduct_tag&post=977"}],"curies":[{"name":"wp","href":"https:\/\/api.w.org\/{rel}","templated":true}]}}