{"id":978,"date":"2024-06-28T15:50:59","date_gmt":"2024-06-28T13:50:59","guid":{"rendered":"https:\/\/orthopara.store\/?post_type=product&#038;p=978"},"modified":"2024-06-28T15:51:06","modified_gmt":"2024-06-28T13:51:06","slug":"gamarde-baume-a-levres-10ml","status":"publish","type":"product","link":"https:\/\/orthopara.store\/?product=gamarde-baume-a-levres-10ml","title":{"rendered":"Gamarde &#8211; Baume \u00e0 l\u00e8vres &#8211; 10ml"},"content":{"rendered":"<p>Actifs cl\u00e9s :<br \/>\nBeurre de Karit\u00e9<br \/>\nBisabolol<br \/>\nCire d&rsquo;abeille<br \/>\nExtrait de Calendula<br \/>\nHuile d&rsquo;Argan<br \/>\nHuile de Coco<br \/>\nConseils d&rsquo;utilisation :<br \/>\nAppliquer sur les l\u00e8vres et renouveler l\u2019op\u00e9ration aussi souvent que n\u00e9cessaire. Pour une meilleure tenue du rouge \u00e0 l\u00e8vre et pour une protection optimale de vos l\u00e8vres appliquer le Baume \u00e0 L\u00e8vres en tant que base de maquillage.<br \/>\nIngr\u00e9dients :<br \/>\nHelianthus annuus (Sunflower) seed oil*, Elaeis guineensis (Palm) oil*, Cera alba* (Beeswax), oleic\/linoleic\/linolenic polyglycerides, Persea gratissima (Avocado) oil*, hydrogenated castor oil, glyceryl dibehenate, Argania spinosa kernel oil*, tribehenin, Calendula officinalis flower extract*, Cannabis sativa seed oil*, Butyrospermum parkii (Shea) butter*, Cocos nucifera (Coconut) oil*, Bisabolol, tocopherol, glyceryl behenate, parfum (Fragrance).<br \/>\nContenance :<br \/>\n10ml<\/p>\n","protected":false},"excerpt":{"rendered":"<p>Le Baume \u00e0 L\u00e8vres r\u00e9parateur, prot\u00e8ge, nourrit et r\u00e9tablit le confort cutan\u00e9 des l\u00e8vres s\u00e8ches, gerc\u00e9es et ab\u00eem\u00e9es. Adoucissant et protecteur, il contient des actifs relipidants, r\u00e9parateurs et nourrissants. Procure une sensation de confort.<\/p>\n","protected":false},"featured_media":1004,"comment_status":"open","ping_status":"closed","template":"","meta":[],"pwb-brand":[41],"product_cat":[106],"product_tag":[],"class_list":{"0":"post-978","1":"product","2":"type-product","3":"status-publish","4":"has-post-thumbnail","6":"pwb-brand-gamarde","7":"product_cat-soins-des-levres","8":"post","9":"ws-product--style-1","11":"first","12":"instock","13":"shipping-taxable","14":"purchasable","15":"product-type-simple"},"yoast_head":"<!-- This site is optimized with the Yoast SEO plugin v23.0 - https:\/\/yoast.com\/wordpress\/plugins\/seo\/ -->\n<title>Gamarde - Baume \u00e0 l\u00e8vres - 10ml - OrthoPara<\/title>\n<meta name=\"robots\" content=\"index, follow, max-snippet:-1, max-image-preview:large, max-video-preview:-1\" \/>\n<link rel=\"canonical\" href=\"https:\/\/orthopara.store\/index.php\/produit\/gamarde-baume-a-levres-10ml\/\" \/>\n<meta property=\"og:locale\" content=\"fr_FR\" \/>\n<meta property=\"og:type\" content=\"article\" \/>\n<meta property=\"og:title\" content=\"Gamarde - Baume \u00e0 l\u00e8vres - 10ml - OrthoPara\" \/>\n<meta property=\"og:description\" content=\"Le Baume \u00e0 L\u00e8vres r\u00e9parateur, prot\u00e8ge, nourrit et r\u00e9tablit le confort cutan\u00e9 des l\u00e8vres s\u00e8ches, gerc\u00e9es et ab\u00eem\u00e9es. Adoucissant et protecteur, il contient des actifs relipidants, r\u00e9parateurs et nourrissants. Procure une sensation de confort.\" \/>\n<meta property=\"og:url\" content=\"https:\/\/orthopara.store\/index.php\/produit\/gamarde-baume-a-levres-10ml\/\" \/>\n<meta property=\"og:site_name\" content=\"OrthoPara\" \/>\n<meta property=\"article:publisher\" content=\"https:\/\/www.facebook.com\/profile.php?id=61561194315651\" \/>\n<meta property=\"article:modified_time\" content=\"2024-06-28T13:51:06+00:00\" \/>\n<meta property=\"og:image\" content=\"https:\/\/orthopara.store\/wp-content\/uploads\/2024\/06\/gamarde-baume-a-levres-10ml.jpg\" \/>\n\t<meta property=\"og:image:width\" content=\"800\" \/>\n\t<meta property=\"og:image:height\" content=\"800\" \/>\n\t<meta property=\"og:image:type\" content=\"image\/jpeg\" \/>\n<meta name=\"twitter:card\" content=\"summary_large_image\" \/>\n<meta name=\"twitter:label1\" content=\"Dur\u00e9e de lecture estim\u00e9e\" \/>\n\t<meta name=\"twitter:data1\" content=\"1 minute\" \/>\n<script type=\"application\/ld+json\" class=\"yoast-schema-graph\">{\"@context\":\"https:\/\/schema.org\",\"@graph\":[{\"@type\":\"WebPage\",\"@id\":\"https:\/\/orthopara.store\/index.php\/produit\/gamarde-baume-a-levres-10ml\/\",\"url\":\"https:\/\/orthopara.store\/index.php\/produit\/gamarde-baume-a-levres-10ml\/\",\"name\":\"Gamarde - Baume \u00e0 l\u00e8vres - 10ml - OrthoPara\",\"isPartOf\":{\"@id\":\"https:\/\/orthopara.store\/#website\"},\"primaryImageOfPage\":{\"@id\":\"https:\/\/orthopara.store\/index.php\/produit\/gamarde-baume-a-levres-10ml\/#primaryimage\"},\"image\":{\"@id\":\"https:\/\/orthopara.store\/index.php\/produit\/gamarde-baume-a-levres-10ml\/#primaryimage\"},\"thumbnailUrl\":\"https:\/\/orthopara.store\/wp-content\/uploads\/2024\/06\/gamarde-baume-a-levres-10ml.jpg\",\"datePublished\":\"2024-06-28T13:50:59+00:00\",\"dateModified\":\"2024-06-28T13:51:06+00:00\",\"breadcrumb\":{\"@id\":\"https:\/\/orthopara.store\/index.php\/produit\/gamarde-baume-a-levres-10ml\/#breadcrumb\"},\"inLanguage\":\"fr-FR\",\"potentialAction\":[{\"@type\":\"ReadAction\",\"target\":[\"https:\/\/orthopara.store\/index.php\/produit\/gamarde-baume-a-levres-10ml\/\"]}]},{\"@type\":\"ImageObject\",\"inLanguage\":\"fr-FR\",\"@id\":\"https:\/\/orthopara.store\/index.php\/produit\/gamarde-baume-a-levres-10ml\/#primaryimage\",\"url\":\"https:\/\/orthopara.store\/wp-content\/uploads\/2024\/06\/gamarde-baume-a-levres-10ml.jpg\",\"contentUrl\":\"https:\/\/orthopara.store\/wp-content\/uploads\/2024\/06\/gamarde-baume-a-levres-10ml.jpg\",\"width\":800,\"height\":800},{\"@type\":\"BreadcrumbList\",\"@id\":\"https:\/\/orthopara.store\/index.php\/produit\/gamarde-baume-a-levres-10ml\/#breadcrumb\",\"itemListElement\":[{\"@type\":\"ListItem\",\"position\":1,\"name\":\"Accueil\",\"item\":\"https:\/\/orthopara.store\/\"},{\"@type\":\"ListItem\",\"position\":2,\"name\":\"Shop\",\"item\":\"https:\/\/orthopara.store\/?page_id=622\"},{\"@type\":\"ListItem\",\"position\":3,\"name\":\"Gamarde &#8211; Baume \u00e0 l\u00e8vres &#8211; 10ml\"}]},{\"@type\":\"WebSite\",\"@id\":\"https:\/\/orthopara.store\/#website\",\"url\":\"https:\/\/orthopara.store\/\",\"name\":\"OrthoPara\",\"description\":\"Parapharmacie\",\"publisher\":{\"@id\":\"https:\/\/orthopara.store\/#organization\"},\"potentialAction\":[{\"@type\":\"SearchAction\",\"target\":{\"@type\":\"EntryPoint\",\"urlTemplate\":\"https:\/\/orthopara.store\/?s={search_term_string}\"},\"query-input\":\"required name=search_term_string\"}],\"inLanguage\":\"fr-FR\"},{\"@type\":\"Organization\",\"@id\":\"https:\/\/orthopara.store\/#organization\",\"name\":\"OrthoPara\",\"url\":\"https:\/\/orthopara.store\/\",\"logo\":{\"@type\":\"ImageObject\",\"inLanguage\":\"fr-FR\",\"@id\":\"https:\/\/orthopara.store\/#\/schema\/logo\/image\/\",\"url\":\"https:\/\/orthopara.store\/wp-content\/uploads\/2024\/06\/cropped-9ABA8BAD-6256-4719-9315-15C66E64E882.png\",\"contentUrl\":\"https:\/\/orthopara.store\/wp-content\/uploads\/2024\/06\/cropped-9ABA8BAD-6256-4719-9315-15C66E64E882.png\",\"width\":240,\"height\":72,\"caption\":\"OrthoPara\"},\"image\":{\"@id\":\"https:\/\/orthopara.store\/#\/schema\/logo\/image\/\"},\"sameAs\":[\"https:\/\/www.facebook.com\/profile.php?id=61561194315651\",\"https:\/\/www.instagram.com\/orthopara_tunisie\/\"]}]}<\/script>\n<!-- \/ Yoast SEO plugin. -->","yoast_head_json":{"title":"Gamarde - Baume \u00e0 l\u00e8vres - 10ml - OrthoPara","robots":{"index":"index","follow":"follow","max-snippet":"max-snippet:-1","max-image-preview":"max-image-preview:large","max-video-preview":"max-video-preview:-1"},"canonical":"https:\/\/orthopara.store\/index.php\/produit\/gamarde-baume-a-levres-10ml\/","og_locale":"fr_FR","og_type":"article","og_title":"Gamarde - Baume \u00e0 l\u00e8vres - 10ml - OrthoPara","og_description":"Le Baume \u00e0 L\u00e8vres r\u00e9parateur, prot\u00e8ge, nourrit et r\u00e9tablit le confort cutan\u00e9 des l\u00e8vres s\u00e8ches, gerc\u00e9es et ab\u00eem\u00e9es. Adoucissant et protecteur, il contient des actifs relipidants, r\u00e9parateurs et nourrissants. Procure une sensation de confort.","og_url":"https:\/\/orthopara.store\/index.php\/produit\/gamarde-baume-a-levres-10ml\/","og_site_name":"OrthoPara","article_publisher":"https:\/\/www.facebook.com\/profile.php?id=61561194315651","article_modified_time":"2024-06-28T13:51:06+00:00","og_image":[{"width":800,"height":800,"url":"https:\/\/orthopara.store\/wp-content\/uploads\/2024\/06\/gamarde-baume-a-levres-10ml.jpg","type":"image\/jpeg"}],"twitter_card":"summary_large_image","twitter_misc":{"Dur\u00e9e de lecture estim\u00e9e":"1 minute"},"schema":{"@context":"https:\/\/schema.org","@graph":[{"@type":"WebPage","@id":"https:\/\/orthopara.store\/index.php\/produit\/gamarde-baume-a-levres-10ml\/","url":"https:\/\/orthopara.store\/index.php\/produit\/gamarde-baume-a-levres-10ml\/","name":"Gamarde - Baume \u00e0 l\u00e8vres - 10ml - OrthoPara","isPartOf":{"@id":"https:\/\/orthopara.store\/#website"},"primaryImageOfPage":{"@id":"https:\/\/orthopara.store\/index.php\/produit\/gamarde-baume-a-levres-10ml\/#primaryimage"},"image":{"@id":"https:\/\/orthopara.store\/index.php\/produit\/gamarde-baume-a-levres-10ml\/#primaryimage"},"thumbnailUrl":"https:\/\/orthopara.store\/wp-content\/uploads\/2024\/06\/gamarde-baume-a-levres-10ml.jpg","datePublished":"2024-06-28T13:50:59+00:00","dateModified":"2024-06-28T13:51:06+00:00","breadcrumb":{"@id":"https:\/\/orthopara.store\/index.php\/produit\/gamarde-baume-a-levres-10ml\/#breadcrumb"},"inLanguage":"fr-FR","potentialAction":[{"@type":"ReadAction","target":["https:\/\/orthopara.store\/index.php\/produit\/gamarde-baume-a-levres-10ml\/"]}]},{"@type":"ImageObject","inLanguage":"fr-FR","@id":"https:\/\/orthopara.store\/index.php\/produit\/gamarde-baume-a-levres-10ml\/#primaryimage","url":"https:\/\/orthopara.store\/wp-content\/uploads\/2024\/06\/gamarde-baume-a-levres-10ml.jpg","contentUrl":"https:\/\/orthopara.store\/wp-content\/uploads\/2024\/06\/gamarde-baume-a-levres-10ml.jpg","width":800,"height":800},{"@type":"BreadcrumbList","@id":"https:\/\/orthopara.store\/index.php\/produit\/gamarde-baume-a-levres-10ml\/#breadcrumb","itemListElement":[{"@type":"ListItem","position":1,"name":"Accueil","item":"https:\/\/orthopara.store\/"},{"@type":"ListItem","position":2,"name":"Shop","item":"https:\/\/orthopara.store\/?page_id=622"},{"@type":"ListItem","position":3,"name":"Gamarde &#8211; Baume \u00e0 l\u00e8vres &#8211; 10ml"}]},{"@type":"WebSite","@id":"https:\/\/orthopara.store\/#website","url":"https:\/\/orthopara.store\/","name":"OrthoPara","description":"Parapharmacie","publisher":{"@id":"https:\/\/orthopara.store\/#organization"},"potentialAction":[{"@type":"SearchAction","target":{"@type":"EntryPoint","urlTemplate":"https:\/\/orthopara.store\/?s={search_term_string}"},"query-input":"required name=search_term_string"}],"inLanguage":"fr-FR"},{"@type":"Organization","@id":"https:\/\/orthopara.store\/#organization","name":"OrthoPara","url":"https:\/\/orthopara.store\/","logo":{"@type":"ImageObject","inLanguage":"fr-FR","@id":"https:\/\/orthopara.store\/#\/schema\/logo\/image\/","url":"https:\/\/orthopara.store\/wp-content\/uploads\/2024\/06\/cropped-9ABA8BAD-6256-4719-9315-15C66E64E882.png","contentUrl":"https:\/\/orthopara.store\/wp-content\/uploads\/2024\/06\/cropped-9ABA8BAD-6256-4719-9315-15C66E64E882.png","width":240,"height":72,"caption":"OrthoPara"},"image":{"@id":"https:\/\/orthopara.store\/#\/schema\/logo\/image\/"},"sameAs":["https:\/\/www.facebook.com\/profile.php?id=61561194315651","https:\/\/www.instagram.com\/orthopara_tunisie\/"]}]}},"jetpack_sharing_enabled":true,"brands":[{"id":41,"name":"Gamarde","slug":"gamarde"}],"_links":{"self":[{"href":"https:\/\/orthopara.store\/index.php?rest_route=\/wp\/v2\/product\/978","targetHints":{"allow":["GET"]}}],"collection":[{"href":"https:\/\/orthopara.store\/index.php?rest_route=\/wp\/v2\/product"}],"about":[{"href":"https:\/\/orthopara.store\/index.php?rest_route=\/wp\/v2\/types\/product"}],"replies":[{"embeddable":true,"href":"https:\/\/orthopara.store\/index.php?rest_route=%2Fwp%2Fv2%2Fcomments&post=978"}],"wp:featuredmedia":[{"embeddable":true,"href":"https:\/\/orthopara.store\/index.php?rest_route=\/wp\/v2\/media\/1004"}],"wp:attachment":[{"href":"https:\/\/orthopara.store\/index.php?rest_route=%2Fwp%2Fv2%2Fmedia&parent=978"}],"wp:term":[{"taxonomy":"pwb-brand","embeddable":true,"href":"https:\/\/orthopara.store\/index.php?rest_route=%2Fwp%2Fv2%2Fpwb-brand&post=978"},{"taxonomy":"product_cat","embeddable":true,"href":"https:\/\/orthopara.store\/index.php?rest_route=%2Fwp%2Fv2%2Fproduct_cat&post=978"},{"taxonomy":"product_tag","embeddable":true,"href":"https:\/\/orthopara.store\/index.php?rest_route=%2Fwp%2Fv2%2Fproduct_tag&post=978"}],"curies":[{"name":"wp","href":"https:\/\/api.w.org\/{rel}","templated":true}]}}