{"id":982,"date":"2024-06-28T15:50:59","date_gmt":"2024-06-28T13:50:59","guid":{"rendered":"https:\/\/orthopara.store\/?post_type=product&#038;p=982"},"modified":"2024-11-04T17:30:36","modified_gmt":"2024-11-04T16:30:36","slug":"baume-a-levres-paillete-laino-senteur-coco","status":"publish","type":"product","link":"https:\/\/orthopara.store\/?product=baume-a-levres-paillete-laino-senteur-coco","title":{"rendered":"Baume \u00e0 l\u00e8vres paillet\u00e9 &#8211; Laino &#8211; senteur coco"},"content":{"rendered":"<p>Baume \u00e0 l\u00e8vres paillet\u00e9 &#8211; Laino &#8211; senteur coco<br \/>\nLaino a s\u00e9lectionn\u00e9 le meilleur des actifs m\u00e9diterran\u00e9ens pour parer vos l\u00e8vres d\u2019un soin \u00e0 la senteur coco.<br \/>\nConseils d&rsquo;utilisation :\u00a0<br \/>\nAppliquer sur les l\u00e8vres.<br \/>\nComposition :\u00a0<br \/>\nCalendula, noix de coco<br \/>\nINCI :\u00a0<br \/>\nRicinus Communis (Castor) Seed Oil, Caprylic\/Capric Triglyceride, Cetyl Palmitate, Cera Alba (Beeswax) \/ Cire D&rsquo;abeille, Butyrospermum Parkii (Shea) Butter, C10-18 Triglycerides, Oleic\/Linoleic\/Linolenic Polyglycerides, Isopropyl Myristate, Copernicia Cerifera Cera (Copernicia Cerifera (Carnauba) Wax) \/ Cire De Carnauba, Simmondsia Chinensis (Jojoba) Seed Oil, Helianthus Annuus (Sunflower) Seed Oil, Parfum (Fragrance), Hydrogenated Castor Oil, Calendula Officinalis Flower Extract, Prunus Armeniaca (Apricot) Kernel Oil, Tocopherol, Ci 45410 (Red 28 Lake).<\/p>\n","protected":false},"excerpt":{"rendered":"<p>Laino\u00a0<br \/>\nSoin des l\u00e8vres<br \/>\n\u00c0 base d&rsquo;huile de calendula et de beurre de karit\u00e9, nos sticks l\u00e8vres parfum\u00e9s adoucissent vos l\u00e8vres et laissent un film protecteur.<\/p>\n<p>97% d\u2019ingr\u00e9dients d\u2019origine naturelle<br \/>\n0% parab\u00e8ne \u2013 0% ph\u00e9noxy\u00e9thanol<br \/>\n0% huiles min\u00e9rales<br \/>\nIndications : l\u00e8vres fragilis\u00e9s<br \/>\nSenteur : noix de coco<br \/>\npoids net : 4gr<\/p>\n","protected":false},"featured_media":1008,"comment_status":"open","ping_status":"closed","template":"","meta":[],"pwb-brand":[51],"product_cat":[106],"product_tag":[],"class_list":{"0":"post-982","1":"product","2":"type-product","3":"status-publish","4":"has-post-thumbnail","6":"pwb-brand-laino","7":"product_cat-soins-des-levres","8":"post","9":"ws-product--style-1","11":"first","12":"instock","13":"shipping-taxable","14":"purchasable","15":"product-type-simple"},"yoast_head":"<!-- This site is optimized with the Yoast SEO plugin v23.0 - https:\/\/yoast.com\/wordpress\/plugins\/seo\/ -->\n<title>Baume \u00e0 l\u00e8vres paillet\u00e9 - Laino - senteur coco - OrthoPara<\/title>\n<meta name=\"robots\" content=\"index, follow, max-snippet:-1, max-image-preview:large, max-video-preview:-1\" \/>\n<link rel=\"canonical\" href=\"https:\/\/orthopara.store\/index.php\/produit\/baume-a-levres-paillete-laino-senteur-coco\/\" \/>\n<meta property=\"og:locale\" content=\"fr_FR\" \/>\n<meta property=\"og:type\" content=\"article\" \/>\n<meta property=\"og:title\" content=\"Baume \u00e0 l\u00e8vres paillet\u00e9 - Laino - senteur coco - OrthoPara\" \/>\n<meta property=\"og:description\" content=\"Laino\u00a0 Soin des l\u00e8vres \u00c0 base d&#039;huile de calendula et de beurre de karit\u00e9, nos sticks l\u00e8vres parfum\u00e9s adoucissent vos l\u00e8vres et laissent un film protecteur. 97% d\u2019ingr\u00e9dients d\u2019origine naturelle 0% parab\u00e8ne \u2013 0% ph\u00e9noxy\u00e9thanol 0% huiles min\u00e9rales Indications : l\u00e8vres fragilis\u00e9s Senteur : noix de coco poids net : 4gr\" \/>\n<meta property=\"og:url\" content=\"https:\/\/orthopara.store\/index.php\/produit\/baume-a-levres-paillete-laino-senteur-coco\/\" \/>\n<meta property=\"og:site_name\" content=\"OrthoPara\" \/>\n<meta property=\"article:publisher\" content=\"https:\/\/www.facebook.com\/profile.php?id=61561194315651\" \/>\n<meta property=\"article:modified_time\" content=\"2024-11-04T16:30:36+00:00\" \/>\n<meta property=\"og:image\" content=\"https:\/\/orthopara.store\/wp-content\/uploads\/2024\/06\/baume-a-levres-paillete-laino-senteur-coco.jpg\" \/>\n\t<meta property=\"og:image:width\" content=\"800\" \/>\n\t<meta property=\"og:image:height\" content=\"800\" \/>\n\t<meta property=\"og:image:type\" content=\"image\/jpeg\" \/>\n<meta name=\"twitter:card\" content=\"summary_large_image\" \/>\n<meta name=\"twitter:label1\" content=\"Dur\u00e9e de lecture estim\u00e9e\" \/>\n\t<meta name=\"twitter:data1\" content=\"1 minute\" \/>\n<script type=\"application\/ld+json\" class=\"yoast-schema-graph\">{\"@context\":\"https:\/\/schema.org\",\"@graph\":[{\"@type\":\"WebPage\",\"@id\":\"https:\/\/orthopara.store\/index.php\/produit\/baume-a-levres-paillete-laino-senteur-coco\/\",\"url\":\"https:\/\/orthopara.store\/index.php\/produit\/baume-a-levres-paillete-laino-senteur-coco\/\",\"name\":\"Baume \u00e0 l\u00e8vres paillet\u00e9 - Laino - senteur coco - OrthoPara\",\"isPartOf\":{\"@id\":\"https:\/\/orthopara.store\/#website\"},\"primaryImageOfPage\":{\"@id\":\"https:\/\/orthopara.store\/index.php\/produit\/baume-a-levres-paillete-laino-senteur-coco\/#primaryimage\"},\"image\":{\"@id\":\"https:\/\/orthopara.store\/index.php\/produit\/baume-a-levres-paillete-laino-senteur-coco\/#primaryimage\"},\"thumbnailUrl\":\"https:\/\/orthopara.store\/wp-content\/uploads\/2024\/06\/baume-a-levres-paillete-laino-senteur-coco.jpg\",\"datePublished\":\"2024-06-28T13:50:59+00:00\",\"dateModified\":\"2024-11-04T16:30:36+00:00\",\"breadcrumb\":{\"@id\":\"https:\/\/orthopara.store\/index.php\/produit\/baume-a-levres-paillete-laino-senteur-coco\/#breadcrumb\"},\"inLanguage\":\"fr-FR\",\"potentialAction\":[{\"@type\":\"ReadAction\",\"target\":[\"https:\/\/orthopara.store\/index.php\/produit\/baume-a-levres-paillete-laino-senteur-coco\/\"]}]},{\"@type\":\"ImageObject\",\"inLanguage\":\"fr-FR\",\"@id\":\"https:\/\/orthopara.store\/index.php\/produit\/baume-a-levres-paillete-laino-senteur-coco\/#primaryimage\",\"url\":\"https:\/\/orthopara.store\/wp-content\/uploads\/2024\/06\/baume-a-levres-paillete-laino-senteur-coco.jpg\",\"contentUrl\":\"https:\/\/orthopara.store\/wp-content\/uploads\/2024\/06\/baume-a-levres-paillete-laino-senteur-coco.jpg\",\"width\":800,\"height\":800},{\"@type\":\"BreadcrumbList\",\"@id\":\"https:\/\/orthopara.store\/index.php\/produit\/baume-a-levres-paillete-laino-senteur-coco\/#breadcrumb\",\"itemListElement\":[{\"@type\":\"ListItem\",\"position\":1,\"name\":\"Accueil\",\"item\":\"https:\/\/orthopara.store\/\"},{\"@type\":\"ListItem\",\"position\":2,\"name\":\"Shop\",\"item\":\"https:\/\/orthopara.store\/?page_id=622\"},{\"@type\":\"ListItem\",\"position\":3,\"name\":\"Baume \u00e0 l\u00e8vres paillet\u00e9 &#8211; Laino &#8211; senteur coco\"}]},{\"@type\":\"WebSite\",\"@id\":\"https:\/\/orthopara.store\/#website\",\"url\":\"https:\/\/orthopara.store\/\",\"name\":\"OrthoPara\",\"description\":\"Parapharmacie\",\"publisher\":{\"@id\":\"https:\/\/orthopara.store\/#organization\"},\"potentialAction\":[{\"@type\":\"SearchAction\",\"target\":{\"@type\":\"EntryPoint\",\"urlTemplate\":\"https:\/\/orthopara.store\/?s={search_term_string}\"},\"query-input\":\"required name=search_term_string\"}],\"inLanguage\":\"fr-FR\"},{\"@type\":\"Organization\",\"@id\":\"https:\/\/orthopara.store\/#organization\",\"name\":\"OrthoPara\",\"url\":\"https:\/\/orthopara.store\/\",\"logo\":{\"@type\":\"ImageObject\",\"inLanguage\":\"fr-FR\",\"@id\":\"https:\/\/orthopara.store\/#\/schema\/logo\/image\/\",\"url\":\"https:\/\/orthopara.store\/wp-content\/uploads\/2024\/06\/cropped-9ABA8BAD-6256-4719-9315-15C66E64E882.png\",\"contentUrl\":\"https:\/\/orthopara.store\/wp-content\/uploads\/2024\/06\/cropped-9ABA8BAD-6256-4719-9315-15C66E64E882.png\",\"width\":240,\"height\":72,\"caption\":\"OrthoPara\"},\"image\":{\"@id\":\"https:\/\/orthopara.store\/#\/schema\/logo\/image\/\"},\"sameAs\":[\"https:\/\/www.facebook.com\/profile.php?id=61561194315651\",\"https:\/\/www.instagram.com\/orthopara_tunisie\/\"]}]}<\/script>\n<!-- \/ Yoast SEO plugin. -->","yoast_head_json":{"title":"Baume \u00e0 l\u00e8vres paillet\u00e9 - Laino - senteur coco - OrthoPara","robots":{"index":"index","follow":"follow","max-snippet":"max-snippet:-1","max-image-preview":"max-image-preview:large","max-video-preview":"max-video-preview:-1"},"canonical":"https:\/\/orthopara.store\/index.php\/produit\/baume-a-levres-paillete-laino-senteur-coco\/","og_locale":"fr_FR","og_type":"article","og_title":"Baume \u00e0 l\u00e8vres paillet\u00e9 - Laino - senteur coco - OrthoPara","og_description":"Laino\u00a0 Soin des l\u00e8vres \u00c0 base d'huile de calendula et de beurre de karit\u00e9, nos sticks l\u00e8vres parfum\u00e9s adoucissent vos l\u00e8vres et laissent un film protecteur. 97% d\u2019ingr\u00e9dients d\u2019origine naturelle 0% parab\u00e8ne \u2013 0% ph\u00e9noxy\u00e9thanol 0% huiles min\u00e9rales Indications : l\u00e8vres fragilis\u00e9s Senteur : noix de coco poids net : 4gr","og_url":"https:\/\/orthopara.store\/index.php\/produit\/baume-a-levres-paillete-laino-senteur-coco\/","og_site_name":"OrthoPara","article_publisher":"https:\/\/www.facebook.com\/profile.php?id=61561194315651","article_modified_time":"2024-11-04T16:30:36+00:00","og_image":[{"width":800,"height":800,"url":"https:\/\/orthopara.store\/wp-content\/uploads\/2024\/06\/baume-a-levres-paillete-laino-senteur-coco.jpg","type":"image\/jpeg"}],"twitter_card":"summary_large_image","twitter_misc":{"Dur\u00e9e de lecture estim\u00e9e":"1 minute"},"schema":{"@context":"https:\/\/schema.org","@graph":[{"@type":"WebPage","@id":"https:\/\/orthopara.store\/index.php\/produit\/baume-a-levres-paillete-laino-senteur-coco\/","url":"https:\/\/orthopara.store\/index.php\/produit\/baume-a-levres-paillete-laino-senteur-coco\/","name":"Baume \u00e0 l\u00e8vres paillet\u00e9 - Laino - senteur coco - OrthoPara","isPartOf":{"@id":"https:\/\/orthopara.store\/#website"},"primaryImageOfPage":{"@id":"https:\/\/orthopara.store\/index.php\/produit\/baume-a-levres-paillete-laino-senteur-coco\/#primaryimage"},"image":{"@id":"https:\/\/orthopara.store\/index.php\/produit\/baume-a-levres-paillete-laino-senteur-coco\/#primaryimage"},"thumbnailUrl":"https:\/\/orthopara.store\/wp-content\/uploads\/2024\/06\/baume-a-levres-paillete-laino-senteur-coco.jpg","datePublished":"2024-06-28T13:50:59+00:00","dateModified":"2024-11-04T16:30:36+00:00","breadcrumb":{"@id":"https:\/\/orthopara.store\/index.php\/produit\/baume-a-levres-paillete-laino-senteur-coco\/#breadcrumb"},"inLanguage":"fr-FR","potentialAction":[{"@type":"ReadAction","target":["https:\/\/orthopara.store\/index.php\/produit\/baume-a-levres-paillete-laino-senteur-coco\/"]}]},{"@type":"ImageObject","inLanguage":"fr-FR","@id":"https:\/\/orthopara.store\/index.php\/produit\/baume-a-levres-paillete-laino-senteur-coco\/#primaryimage","url":"https:\/\/orthopara.store\/wp-content\/uploads\/2024\/06\/baume-a-levres-paillete-laino-senteur-coco.jpg","contentUrl":"https:\/\/orthopara.store\/wp-content\/uploads\/2024\/06\/baume-a-levres-paillete-laino-senteur-coco.jpg","width":800,"height":800},{"@type":"BreadcrumbList","@id":"https:\/\/orthopara.store\/index.php\/produit\/baume-a-levres-paillete-laino-senteur-coco\/#breadcrumb","itemListElement":[{"@type":"ListItem","position":1,"name":"Accueil","item":"https:\/\/orthopara.store\/"},{"@type":"ListItem","position":2,"name":"Shop","item":"https:\/\/orthopara.store\/?page_id=622"},{"@type":"ListItem","position":3,"name":"Baume \u00e0 l\u00e8vres paillet\u00e9 &#8211; Laino &#8211; senteur coco"}]},{"@type":"WebSite","@id":"https:\/\/orthopara.store\/#website","url":"https:\/\/orthopara.store\/","name":"OrthoPara","description":"Parapharmacie","publisher":{"@id":"https:\/\/orthopara.store\/#organization"},"potentialAction":[{"@type":"SearchAction","target":{"@type":"EntryPoint","urlTemplate":"https:\/\/orthopara.store\/?s={search_term_string}"},"query-input":"required name=search_term_string"}],"inLanguage":"fr-FR"},{"@type":"Organization","@id":"https:\/\/orthopara.store\/#organization","name":"OrthoPara","url":"https:\/\/orthopara.store\/","logo":{"@type":"ImageObject","inLanguage":"fr-FR","@id":"https:\/\/orthopara.store\/#\/schema\/logo\/image\/","url":"https:\/\/orthopara.store\/wp-content\/uploads\/2024\/06\/cropped-9ABA8BAD-6256-4719-9315-15C66E64E882.png","contentUrl":"https:\/\/orthopara.store\/wp-content\/uploads\/2024\/06\/cropped-9ABA8BAD-6256-4719-9315-15C66E64E882.png","width":240,"height":72,"caption":"OrthoPara"},"image":{"@id":"https:\/\/orthopara.store\/#\/schema\/logo\/image\/"},"sameAs":["https:\/\/www.facebook.com\/profile.php?id=61561194315651","https:\/\/www.instagram.com\/orthopara_tunisie\/"]}]}},"jetpack_sharing_enabled":true,"brands":[{"id":51,"name":"LAINO","slug":"laino"}],"_links":{"self":[{"href":"https:\/\/orthopara.store\/index.php?rest_route=\/wp\/v2\/product\/982","targetHints":{"allow":["GET"]}}],"collection":[{"href":"https:\/\/orthopara.store\/index.php?rest_route=\/wp\/v2\/product"}],"about":[{"href":"https:\/\/orthopara.store\/index.php?rest_route=\/wp\/v2\/types\/product"}],"replies":[{"embeddable":true,"href":"https:\/\/orthopara.store\/index.php?rest_route=%2Fwp%2Fv2%2Fcomments&post=982"}],"wp:featuredmedia":[{"embeddable":true,"href":"https:\/\/orthopara.store\/index.php?rest_route=\/wp\/v2\/media\/1008"}],"wp:attachment":[{"href":"https:\/\/orthopara.store\/index.php?rest_route=%2Fwp%2Fv2%2Fmedia&parent=982"}],"wp:term":[{"taxonomy":"pwb-brand","embeddable":true,"href":"https:\/\/orthopara.store\/index.php?rest_route=%2Fwp%2Fv2%2Fpwb-brand&post=982"},{"taxonomy":"product_cat","embeddable":true,"href":"https:\/\/orthopara.store\/index.php?rest_route=%2Fwp%2Fv2%2Fproduct_cat&post=982"},{"taxonomy":"product_tag","embeddable":true,"href":"https:\/\/orthopara.store\/index.php?rest_route=%2Fwp%2Fv2%2Fproduct_tag&post=982"}],"curies":[{"name":"wp","href":"https:\/\/api.w.org\/{rel}","templated":true}]}}