{"id":984,"date":"2024-06-28T15:50:59","date_gmt":"2024-06-28T13:50:59","guid":{"rendered":"https:\/\/orthopara.store\/?post_type=product&#038;p=984"},"modified":"2024-06-28T15:51:09","modified_gmt":"2024-06-28T13:51:09","slug":"soin-nourrissant-reparateur-pour-les-levres-svr-topialyse-4gr","status":"publish","type":"product","link":"https:\/\/orthopara.store\/?product=soin-nourrissant-reparateur-pour-les-levres-svr-topialyse-4gr","title":{"rendered":"Soin nourrissant r\u00e9parateur pour les l\u00e8vres &#8211; SVR topialyse &#8211; 4gr"},"content":{"rendered":"<p>Soin nourrissant r\u00e9parateur pour les l\u00e8vres &#8211; SVR topialyse &#8211; 4gr<br \/>\nTopialyse l\u00e8vres est un soin double action qui nourrit et r\u00e9pare les l\u00e8vres sensibles, gerc\u00e9es, ab\u00eem\u00e9es et craquel\u00e9es. Sa formule, enrichie en om\u00e9gas 3, 6 et 9, prot\u00e8ge durablement les l\u00e8vres des agressions ext\u00e9rieures pour une hydratation 8h.<br \/>\nTexture ultra-fondante au fini invisible et non collant.<br \/>\nUne formule super concentr\u00e9e en actifs dermatologiques et tr\u00e8s haute tol\u00e9rance.<br \/>\nComposition :<br \/>\nOm\u00e9gas 3, 6 et 9 : restructurent et restaurent la barri\u00e8re cutan\u00e9e.<br \/>\nCire d\u2019abeille + huile de jojoba : nourrissent intens\u00e9ment.<br \/>\nD\u00e9riv\u00e9 de Vitamine E : action antioxydante.<br \/>\nTest\u00e9 sur l\u00e8vres s\u00e8ches.<br \/>\nConseils d&rsquo;utilisation :<br \/>\nAppliquer sur les l\u00e8vres quotidiennement aussi souvent que n\u00e9cessaire.<\/p>\n","protected":false},"excerpt":{"rendered":"<p>SVR topialyse<br \/>\nSoin nourrissant r\u00e9parateur\u00a0<br \/>\nTopyalise L\u00e8vres est formul\u00e9 pour nourrir et r\u00e9parer les l\u00e8vres ab\u00eem\u00e9es et gerc\u00e9es. Sa formule enrichie prot\u00e8ge durablement les l\u00e8vres des agressions ext\u00e9rieures.<br \/>\nPoids : 4gr<\/p>\n","protected":false},"featured_media":1010,"comment_status":"open","ping_status":"closed","template":"","meta":[],"pwb-brand":[43],"product_cat":[106],"product_tag":[],"class_list":{"0":"post-984","1":"product","2":"type-product","3":"status-publish","4":"has-post-thumbnail","6":"pwb-brand-svr","7":"product_cat-soins-des-levres","8":"post","9":"ws-product--style-1","11":"first","12":"instock","13":"shipping-taxable","14":"purchasable","15":"product-type-simple"},"yoast_head":"<!-- This site is optimized with the Yoast SEO plugin v23.0 - https:\/\/yoast.com\/wordpress\/plugins\/seo\/ -->\n<title>Soin nourrissant r\u00e9parateur pour les l\u00e8vres - SVR topialyse - 4gr - OrthoPara<\/title>\n<meta name=\"robots\" content=\"index, follow, max-snippet:-1, max-image-preview:large, max-video-preview:-1\" \/>\n<link rel=\"canonical\" href=\"https:\/\/orthopara.store\/index.php\/produit\/soin-nourrissant-reparateur-pour-les-levres-svr-topialyse-4gr\/\" \/>\n<meta property=\"og:locale\" content=\"fr_FR\" \/>\n<meta property=\"og:type\" content=\"article\" \/>\n<meta property=\"og:title\" content=\"Soin nourrissant r\u00e9parateur pour les l\u00e8vres - SVR topialyse - 4gr - OrthoPara\" \/>\n<meta property=\"og:description\" content=\"SVR topialyse Soin nourrissant r\u00e9parateur\u00a0 Topyalise L\u00e8vres est formul\u00e9 pour nourrir et r\u00e9parer les l\u00e8vres ab\u00eem\u00e9es et gerc\u00e9es. Sa formule enrichie prot\u00e8ge durablement les l\u00e8vres des agressions ext\u00e9rieures. Poids : 4gr\" \/>\n<meta property=\"og:url\" content=\"https:\/\/orthopara.store\/index.php\/produit\/soin-nourrissant-reparateur-pour-les-levres-svr-topialyse-4gr\/\" \/>\n<meta property=\"og:site_name\" content=\"OrthoPara\" \/>\n<meta property=\"article:publisher\" content=\"https:\/\/www.facebook.com\/profile.php?id=61561194315651\" \/>\n<meta property=\"article:modified_time\" content=\"2024-06-28T13:51:09+00:00\" \/>\n<meta property=\"og:image\" content=\"https:\/\/orthopara.store\/wp-content\/uploads\/2024\/06\/soin-nourrissant-reparateur-pour-les-levres-svr-topialyse-4gr.jpg\" \/>\n\t<meta property=\"og:image:width\" content=\"800\" \/>\n\t<meta property=\"og:image:height\" content=\"800\" \/>\n\t<meta property=\"og:image:type\" content=\"image\/jpeg\" \/>\n<meta name=\"twitter:card\" content=\"summary_large_image\" \/>\n<meta name=\"twitter:label1\" content=\"Dur\u00e9e de lecture estim\u00e9e\" \/>\n\t<meta name=\"twitter:data1\" content=\"1 minute\" \/>\n<script type=\"application\/ld+json\" class=\"yoast-schema-graph\">{\"@context\":\"https:\/\/schema.org\",\"@graph\":[{\"@type\":\"WebPage\",\"@id\":\"https:\/\/orthopara.store\/index.php\/produit\/soin-nourrissant-reparateur-pour-les-levres-svr-topialyse-4gr\/\",\"url\":\"https:\/\/orthopara.store\/index.php\/produit\/soin-nourrissant-reparateur-pour-les-levres-svr-topialyse-4gr\/\",\"name\":\"Soin nourrissant r\u00e9parateur pour les l\u00e8vres - SVR topialyse - 4gr - OrthoPara\",\"isPartOf\":{\"@id\":\"https:\/\/orthopara.store\/#website\"},\"primaryImageOfPage\":{\"@id\":\"https:\/\/orthopara.store\/index.php\/produit\/soin-nourrissant-reparateur-pour-les-levres-svr-topialyse-4gr\/#primaryimage\"},\"image\":{\"@id\":\"https:\/\/orthopara.store\/index.php\/produit\/soin-nourrissant-reparateur-pour-les-levres-svr-topialyse-4gr\/#primaryimage\"},\"thumbnailUrl\":\"https:\/\/orthopara.store\/wp-content\/uploads\/2024\/06\/soin-nourrissant-reparateur-pour-les-levres-svr-topialyse-4gr.jpg\",\"datePublished\":\"2024-06-28T13:50:59+00:00\",\"dateModified\":\"2024-06-28T13:51:09+00:00\",\"breadcrumb\":{\"@id\":\"https:\/\/orthopara.store\/index.php\/produit\/soin-nourrissant-reparateur-pour-les-levres-svr-topialyse-4gr\/#breadcrumb\"},\"inLanguage\":\"fr-FR\",\"potentialAction\":[{\"@type\":\"ReadAction\",\"target\":[\"https:\/\/orthopara.store\/index.php\/produit\/soin-nourrissant-reparateur-pour-les-levres-svr-topialyse-4gr\/\"]}]},{\"@type\":\"ImageObject\",\"inLanguage\":\"fr-FR\",\"@id\":\"https:\/\/orthopara.store\/index.php\/produit\/soin-nourrissant-reparateur-pour-les-levres-svr-topialyse-4gr\/#primaryimage\",\"url\":\"https:\/\/orthopara.store\/wp-content\/uploads\/2024\/06\/soin-nourrissant-reparateur-pour-les-levres-svr-topialyse-4gr.jpg\",\"contentUrl\":\"https:\/\/orthopara.store\/wp-content\/uploads\/2024\/06\/soin-nourrissant-reparateur-pour-les-levres-svr-topialyse-4gr.jpg\",\"width\":800,\"height\":800},{\"@type\":\"BreadcrumbList\",\"@id\":\"https:\/\/orthopara.store\/index.php\/produit\/soin-nourrissant-reparateur-pour-les-levres-svr-topialyse-4gr\/#breadcrumb\",\"itemListElement\":[{\"@type\":\"ListItem\",\"position\":1,\"name\":\"Accueil\",\"item\":\"https:\/\/orthopara.store\/\"},{\"@type\":\"ListItem\",\"position\":2,\"name\":\"Shop\",\"item\":\"https:\/\/orthopara.store\/?page_id=622\"},{\"@type\":\"ListItem\",\"position\":3,\"name\":\"Soin nourrissant r\u00e9parateur pour les l\u00e8vres &#8211; SVR topialyse &#8211; 4gr\"}]},{\"@type\":\"WebSite\",\"@id\":\"https:\/\/orthopara.store\/#website\",\"url\":\"https:\/\/orthopara.store\/\",\"name\":\"OrthoPara\",\"description\":\"Parapharmacie\",\"publisher\":{\"@id\":\"https:\/\/orthopara.store\/#organization\"},\"potentialAction\":[{\"@type\":\"SearchAction\",\"target\":{\"@type\":\"EntryPoint\",\"urlTemplate\":\"https:\/\/orthopara.store\/?s={search_term_string}\"},\"query-input\":\"required name=search_term_string\"}],\"inLanguage\":\"fr-FR\"},{\"@type\":\"Organization\",\"@id\":\"https:\/\/orthopara.store\/#organization\",\"name\":\"OrthoPara\",\"url\":\"https:\/\/orthopara.store\/\",\"logo\":{\"@type\":\"ImageObject\",\"inLanguage\":\"fr-FR\",\"@id\":\"https:\/\/orthopara.store\/#\/schema\/logo\/image\/\",\"url\":\"https:\/\/orthopara.store\/wp-content\/uploads\/2024\/06\/cropped-9ABA8BAD-6256-4719-9315-15C66E64E882.png\",\"contentUrl\":\"https:\/\/orthopara.store\/wp-content\/uploads\/2024\/06\/cropped-9ABA8BAD-6256-4719-9315-15C66E64E882.png\",\"width\":240,\"height\":72,\"caption\":\"OrthoPara\"},\"image\":{\"@id\":\"https:\/\/orthopara.store\/#\/schema\/logo\/image\/\"},\"sameAs\":[\"https:\/\/www.facebook.com\/profile.php?id=61561194315651\",\"https:\/\/www.instagram.com\/orthopara_tunisie\/\"]}]}<\/script>\n<!-- \/ Yoast SEO plugin. -->","yoast_head_json":{"title":"Soin nourrissant r\u00e9parateur pour les l\u00e8vres - SVR topialyse - 4gr - OrthoPara","robots":{"index":"index","follow":"follow","max-snippet":"max-snippet:-1","max-image-preview":"max-image-preview:large","max-video-preview":"max-video-preview:-1"},"canonical":"https:\/\/orthopara.store\/index.php\/produit\/soin-nourrissant-reparateur-pour-les-levres-svr-topialyse-4gr\/","og_locale":"fr_FR","og_type":"article","og_title":"Soin nourrissant r\u00e9parateur pour les l\u00e8vres - SVR topialyse - 4gr - OrthoPara","og_description":"SVR topialyse Soin nourrissant r\u00e9parateur\u00a0 Topyalise L\u00e8vres est formul\u00e9 pour nourrir et r\u00e9parer les l\u00e8vres ab\u00eem\u00e9es et gerc\u00e9es. Sa formule enrichie prot\u00e8ge durablement les l\u00e8vres des agressions ext\u00e9rieures. Poids : 4gr","og_url":"https:\/\/orthopara.store\/index.php\/produit\/soin-nourrissant-reparateur-pour-les-levres-svr-topialyse-4gr\/","og_site_name":"OrthoPara","article_publisher":"https:\/\/www.facebook.com\/profile.php?id=61561194315651","article_modified_time":"2024-06-28T13:51:09+00:00","og_image":[{"width":800,"height":800,"url":"https:\/\/orthopara.store\/wp-content\/uploads\/2024\/06\/soin-nourrissant-reparateur-pour-les-levres-svr-topialyse-4gr.jpg","type":"image\/jpeg"}],"twitter_card":"summary_large_image","twitter_misc":{"Dur\u00e9e de lecture estim\u00e9e":"1 minute"},"schema":{"@context":"https:\/\/schema.org","@graph":[{"@type":"WebPage","@id":"https:\/\/orthopara.store\/index.php\/produit\/soin-nourrissant-reparateur-pour-les-levres-svr-topialyse-4gr\/","url":"https:\/\/orthopara.store\/index.php\/produit\/soin-nourrissant-reparateur-pour-les-levres-svr-topialyse-4gr\/","name":"Soin nourrissant r\u00e9parateur pour les l\u00e8vres - SVR topialyse - 4gr - OrthoPara","isPartOf":{"@id":"https:\/\/orthopara.store\/#website"},"primaryImageOfPage":{"@id":"https:\/\/orthopara.store\/index.php\/produit\/soin-nourrissant-reparateur-pour-les-levres-svr-topialyse-4gr\/#primaryimage"},"image":{"@id":"https:\/\/orthopara.store\/index.php\/produit\/soin-nourrissant-reparateur-pour-les-levres-svr-topialyse-4gr\/#primaryimage"},"thumbnailUrl":"https:\/\/orthopara.store\/wp-content\/uploads\/2024\/06\/soin-nourrissant-reparateur-pour-les-levres-svr-topialyse-4gr.jpg","datePublished":"2024-06-28T13:50:59+00:00","dateModified":"2024-06-28T13:51:09+00:00","breadcrumb":{"@id":"https:\/\/orthopara.store\/index.php\/produit\/soin-nourrissant-reparateur-pour-les-levres-svr-topialyse-4gr\/#breadcrumb"},"inLanguage":"fr-FR","potentialAction":[{"@type":"ReadAction","target":["https:\/\/orthopara.store\/index.php\/produit\/soin-nourrissant-reparateur-pour-les-levres-svr-topialyse-4gr\/"]}]},{"@type":"ImageObject","inLanguage":"fr-FR","@id":"https:\/\/orthopara.store\/index.php\/produit\/soin-nourrissant-reparateur-pour-les-levres-svr-topialyse-4gr\/#primaryimage","url":"https:\/\/orthopara.store\/wp-content\/uploads\/2024\/06\/soin-nourrissant-reparateur-pour-les-levres-svr-topialyse-4gr.jpg","contentUrl":"https:\/\/orthopara.store\/wp-content\/uploads\/2024\/06\/soin-nourrissant-reparateur-pour-les-levres-svr-topialyse-4gr.jpg","width":800,"height":800},{"@type":"BreadcrumbList","@id":"https:\/\/orthopara.store\/index.php\/produit\/soin-nourrissant-reparateur-pour-les-levres-svr-topialyse-4gr\/#breadcrumb","itemListElement":[{"@type":"ListItem","position":1,"name":"Accueil","item":"https:\/\/orthopara.store\/"},{"@type":"ListItem","position":2,"name":"Shop","item":"https:\/\/orthopara.store\/?page_id=622"},{"@type":"ListItem","position":3,"name":"Soin nourrissant r\u00e9parateur pour les l\u00e8vres &#8211; SVR topialyse &#8211; 4gr"}]},{"@type":"WebSite","@id":"https:\/\/orthopara.store\/#website","url":"https:\/\/orthopara.store\/","name":"OrthoPara","description":"Parapharmacie","publisher":{"@id":"https:\/\/orthopara.store\/#organization"},"potentialAction":[{"@type":"SearchAction","target":{"@type":"EntryPoint","urlTemplate":"https:\/\/orthopara.store\/?s={search_term_string}"},"query-input":"required name=search_term_string"}],"inLanguage":"fr-FR"},{"@type":"Organization","@id":"https:\/\/orthopara.store\/#organization","name":"OrthoPara","url":"https:\/\/orthopara.store\/","logo":{"@type":"ImageObject","inLanguage":"fr-FR","@id":"https:\/\/orthopara.store\/#\/schema\/logo\/image\/","url":"https:\/\/orthopara.store\/wp-content\/uploads\/2024\/06\/cropped-9ABA8BAD-6256-4719-9315-15C66E64E882.png","contentUrl":"https:\/\/orthopara.store\/wp-content\/uploads\/2024\/06\/cropped-9ABA8BAD-6256-4719-9315-15C66E64E882.png","width":240,"height":72,"caption":"OrthoPara"},"image":{"@id":"https:\/\/orthopara.store\/#\/schema\/logo\/image\/"},"sameAs":["https:\/\/www.facebook.com\/profile.php?id=61561194315651","https:\/\/www.instagram.com\/orthopara_tunisie\/"]}]}},"jetpack_sharing_enabled":true,"brands":[{"id":43,"name":"SVR","slug":"svr"}],"_links":{"self":[{"href":"https:\/\/orthopara.store\/index.php?rest_route=\/wp\/v2\/product\/984","targetHints":{"allow":["GET"]}}],"collection":[{"href":"https:\/\/orthopara.store\/index.php?rest_route=\/wp\/v2\/product"}],"about":[{"href":"https:\/\/orthopara.store\/index.php?rest_route=\/wp\/v2\/types\/product"}],"replies":[{"embeddable":true,"href":"https:\/\/orthopara.store\/index.php?rest_route=%2Fwp%2Fv2%2Fcomments&post=984"}],"wp:featuredmedia":[{"embeddable":true,"href":"https:\/\/orthopara.store\/index.php?rest_route=\/wp\/v2\/media\/1010"}],"wp:attachment":[{"href":"https:\/\/orthopara.store\/index.php?rest_route=%2Fwp%2Fv2%2Fmedia&parent=984"}],"wp:term":[{"taxonomy":"pwb-brand","embeddable":true,"href":"https:\/\/orthopara.store\/index.php?rest_route=%2Fwp%2Fv2%2Fpwb-brand&post=984"},{"taxonomy":"product_cat","embeddable":true,"href":"https:\/\/orthopara.store\/index.php?rest_route=%2Fwp%2Fv2%2Fproduct_cat&post=984"},{"taxonomy":"product_tag","embeddable":true,"href":"https:\/\/orthopara.store\/index.php?rest_route=%2Fwp%2Fv2%2Fproduct_tag&post=984"}],"curies":[{"name":"wp","href":"https:\/\/api.w.org\/{rel}","templated":true}]}}