{"id":986,"date":"2024-06-28T15:51:00","date_gmt":"2024-06-28T13:51:00","guid":{"rendered":"https:\/\/orthopara.store\/?post_type=product&#038;p=986"},"modified":"2024-11-04T17:30:50","modified_gmt":"2024-11-04T16:30:50","slug":"baume-a-levres-paillete-laino-senteur-fraise","status":"publish","type":"product","link":"https:\/\/orthopara.store\/?product=baume-a-levres-paillete-laino-senteur-fraise","title":{"rendered":"Baume \u00e0 l\u00e8vres paillet\u00e9 &#8211; Laino &#8211; senteur fraise"},"content":{"rendered":"<p>Baume \u00e0 l\u00e8vres paillet\u00e9 &#8211; Laino &#8211; senteur fraise<br \/>\nLaino a s\u00e9lectionn\u00e9 le meilleur des actifs m\u00e9diterran\u00e9ens pour parer vos l\u00e8vres d\u2019un soin paillet\u00e9 \u00e0 la senteur fraise.<br \/>\nConseils d&rsquo;utilisation :\u00a0<br \/>\nAppliquer sur vos l\u00e8vres.<br \/>\nComposition :\u00a0<br \/>\nCalendula, fraise<br \/>\nINCI :<br \/>\nRicinus Communis (Castor) Seed Oil, Caprylic\/Capric Triglyceride, Cetyl Palmitate, Cera Alba (Beeswax) \/ Cire D&rsquo;abeille, Butyrospermum Parkii (Shea) Butter, C10-18 Triglycerides, Oleic\/Linoleic\/Linolenic Polyglycerides, Isopropyl Myristate, Copernicia Cerifera Cera (Copernicia Cerifera (Carnauba) Wax) \/ Cire De Carnauba, Simmondsia Chinensis (Jojoba) Seed Oil, Helianthus Annuus (Sunflower) Seed Oil, Hydrogenated Castor Oil, Mica, Parfum (Fragrance), Calendula Officinalis Flower Extract, Prunus Armeniaca (Apricot) Kernel Oil, Tocopherol, Titanium Dioxide, Ci 15850 (Red 6), Ci 15850 (Red 7), Ci 45410 (Red 28 Lake), Benzyl Alcohol<\/p>\n","protected":false},"excerpt":{"rendered":"<p>Laino\u00a0<br \/>\nBaume \u00e0 l\u00e8vres paillet\u00e9<\/p>\n<p>\u00c0 base d&rsquo;huile de calendula et de beurre de karit\u00e9, nos sticks l\u00e8vres parfum\u00e9s adoucissent vos l\u00e8vres et laissent un film protecteur.<\/p>\n<p>0% parab\u00e8ne \u2013 0% ph\u00e9noxy\u00e9thanol<br \/>\nIndications : l\u00e8vres fragilis\u00e9s<br \/>\nSenteur : fraise<br \/>\npoids net : 4gr<\/p>\n","protected":false},"featured_media":1012,"comment_status":"open","ping_status":"closed","template":"","meta":[],"pwb-brand":[51],"product_cat":[106],"product_tag":[],"class_list":{"0":"post-986","1":"product","2":"type-product","3":"status-publish","4":"has-post-thumbnail","6":"pwb-brand-laino","7":"product_cat-soins-des-levres","8":"post","9":"ws-product--style-1","11":"first","12":"instock","13":"shipping-taxable","14":"purchasable","15":"product-type-simple"},"yoast_head":"<!-- This site is optimized with the Yoast SEO plugin v23.0 - https:\/\/yoast.com\/wordpress\/plugins\/seo\/ -->\n<title>Baume \u00e0 l\u00e8vres paillet\u00e9 - Laino - senteur fraise - OrthoPara<\/title>\n<meta name=\"robots\" content=\"index, follow, max-snippet:-1, max-image-preview:large, max-video-preview:-1\" \/>\n<link rel=\"canonical\" href=\"https:\/\/orthopara.store\/index.php\/produit\/baume-a-levres-paillete-laino-senteur-fraise\/\" \/>\n<meta property=\"og:locale\" content=\"fr_FR\" \/>\n<meta property=\"og:type\" content=\"article\" \/>\n<meta property=\"og:title\" content=\"Baume \u00e0 l\u00e8vres paillet\u00e9 - Laino - senteur fraise - OrthoPara\" \/>\n<meta property=\"og:description\" content=\"Laino\u00a0 Baume \u00e0 l\u00e8vres paillet\u00e9 \u00c0 base d&#039;huile de calendula et de beurre de karit\u00e9, nos sticks l\u00e8vres parfum\u00e9s adoucissent vos l\u00e8vres et laissent un film protecteur. 0% parab\u00e8ne \u2013 0% ph\u00e9noxy\u00e9thanol Indications : l\u00e8vres fragilis\u00e9s Senteur : fraise poids net : 4gr\" \/>\n<meta property=\"og:url\" content=\"https:\/\/orthopara.store\/index.php\/produit\/baume-a-levres-paillete-laino-senteur-fraise\/\" \/>\n<meta property=\"og:site_name\" content=\"OrthoPara\" \/>\n<meta property=\"article:publisher\" content=\"https:\/\/www.facebook.com\/profile.php?id=61561194315651\" \/>\n<meta property=\"article:modified_time\" content=\"2024-11-04T16:30:50+00:00\" \/>\n<meta property=\"og:image\" content=\"https:\/\/orthopara.store\/wp-content\/uploads\/2024\/06\/baume-a-levres-paillete-laino-senteur-fraise.jpg\" \/>\n\t<meta property=\"og:image:width\" content=\"800\" \/>\n\t<meta property=\"og:image:height\" content=\"800\" \/>\n\t<meta property=\"og:image:type\" content=\"image\/jpeg\" \/>\n<meta name=\"twitter:card\" content=\"summary_large_image\" \/>\n<meta name=\"twitter:label1\" content=\"Dur\u00e9e de lecture estim\u00e9e\" \/>\n\t<meta name=\"twitter:data1\" content=\"1 minute\" \/>\n<script type=\"application\/ld+json\" class=\"yoast-schema-graph\">{\"@context\":\"https:\/\/schema.org\",\"@graph\":[{\"@type\":\"WebPage\",\"@id\":\"https:\/\/orthopara.store\/index.php\/produit\/baume-a-levres-paillete-laino-senteur-fraise\/\",\"url\":\"https:\/\/orthopara.store\/index.php\/produit\/baume-a-levres-paillete-laino-senteur-fraise\/\",\"name\":\"Baume \u00e0 l\u00e8vres paillet\u00e9 - Laino - senteur fraise - OrthoPara\",\"isPartOf\":{\"@id\":\"https:\/\/orthopara.store\/#website\"},\"primaryImageOfPage\":{\"@id\":\"https:\/\/orthopara.store\/index.php\/produit\/baume-a-levres-paillete-laino-senteur-fraise\/#primaryimage\"},\"image\":{\"@id\":\"https:\/\/orthopara.store\/index.php\/produit\/baume-a-levres-paillete-laino-senteur-fraise\/#primaryimage\"},\"thumbnailUrl\":\"https:\/\/orthopara.store\/wp-content\/uploads\/2024\/06\/baume-a-levres-paillete-laino-senteur-fraise.jpg\",\"datePublished\":\"2024-06-28T13:51:00+00:00\",\"dateModified\":\"2024-11-04T16:30:50+00:00\",\"breadcrumb\":{\"@id\":\"https:\/\/orthopara.store\/index.php\/produit\/baume-a-levres-paillete-laino-senteur-fraise\/#breadcrumb\"},\"inLanguage\":\"fr-FR\",\"potentialAction\":[{\"@type\":\"ReadAction\",\"target\":[\"https:\/\/orthopara.store\/index.php\/produit\/baume-a-levres-paillete-laino-senteur-fraise\/\"]}]},{\"@type\":\"ImageObject\",\"inLanguage\":\"fr-FR\",\"@id\":\"https:\/\/orthopara.store\/index.php\/produit\/baume-a-levres-paillete-laino-senteur-fraise\/#primaryimage\",\"url\":\"https:\/\/orthopara.store\/wp-content\/uploads\/2024\/06\/baume-a-levres-paillete-laino-senteur-fraise.jpg\",\"contentUrl\":\"https:\/\/orthopara.store\/wp-content\/uploads\/2024\/06\/baume-a-levres-paillete-laino-senteur-fraise.jpg\",\"width\":800,\"height\":800},{\"@type\":\"BreadcrumbList\",\"@id\":\"https:\/\/orthopara.store\/index.php\/produit\/baume-a-levres-paillete-laino-senteur-fraise\/#breadcrumb\",\"itemListElement\":[{\"@type\":\"ListItem\",\"position\":1,\"name\":\"Accueil\",\"item\":\"https:\/\/orthopara.store\/\"},{\"@type\":\"ListItem\",\"position\":2,\"name\":\"Shop\",\"item\":\"https:\/\/orthopara.store\/?page_id=622\"},{\"@type\":\"ListItem\",\"position\":3,\"name\":\"Baume \u00e0 l\u00e8vres paillet\u00e9 &#8211; Laino &#8211; senteur fraise\"}]},{\"@type\":\"WebSite\",\"@id\":\"https:\/\/orthopara.store\/#website\",\"url\":\"https:\/\/orthopara.store\/\",\"name\":\"OrthoPara\",\"description\":\"Parapharmacie\",\"publisher\":{\"@id\":\"https:\/\/orthopara.store\/#organization\"},\"potentialAction\":[{\"@type\":\"SearchAction\",\"target\":{\"@type\":\"EntryPoint\",\"urlTemplate\":\"https:\/\/orthopara.store\/?s={search_term_string}\"},\"query-input\":\"required name=search_term_string\"}],\"inLanguage\":\"fr-FR\"},{\"@type\":\"Organization\",\"@id\":\"https:\/\/orthopara.store\/#organization\",\"name\":\"OrthoPara\",\"url\":\"https:\/\/orthopara.store\/\",\"logo\":{\"@type\":\"ImageObject\",\"inLanguage\":\"fr-FR\",\"@id\":\"https:\/\/orthopara.store\/#\/schema\/logo\/image\/\",\"url\":\"https:\/\/orthopara.store\/wp-content\/uploads\/2024\/06\/cropped-9ABA8BAD-6256-4719-9315-15C66E64E882.png\",\"contentUrl\":\"https:\/\/orthopara.store\/wp-content\/uploads\/2024\/06\/cropped-9ABA8BAD-6256-4719-9315-15C66E64E882.png\",\"width\":240,\"height\":72,\"caption\":\"OrthoPara\"},\"image\":{\"@id\":\"https:\/\/orthopara.store\/#\/schema\/logo\/image\/\"},\"sameAs\":[\"https:\/\/www.facebook.com\/profile.php?id=61561194315651\",\"https:\/\/www.instagram.com\/orthopara_tunisie\/\"]}]}<\/script>\n<!-- \/ Yoast SEO plugin. -->","yoast_head_json":{"title":"Baume \u00e0 l\u00e8vres paillet\u00e9 - Laino - senteur fraise - OrthoPara","robots":{"index":"index","follow":"follow","max-snippet":"max-snippet:-1","max-image-preview":"max-image-preview:large","max-video-preview":"max-video-preview:-1"},"canonical":"https:\/\/orthopara.store\/index.php\/produit\/baume-a-levres-paillete-laino-senteur-fraise\/","og_locale":"fr_FR","og_type":"article","og_title":"Baume \u00e0 l\u00e8vres paillet\u00e9 - Laino - senteur fraise - OrthoPara","og_description":"Laino\u00a0 Baume \u00e0 l\u00e8vres paillet\u00e9 \u00c0 base d'huile de calendula et de beurre de karit\u00e9, nos sticks l\u00e8vres parfum\u00e9s adoucissent vos l\u00e8vres et laissent un film protecteur. 0% parab\u00e8ne \u2013 0% ph\u00e9noxy\u00e9thanol Indications : l\u00e8vres fragilis\u00e9s Senteur : fraise poids net : 4gr","og_url":"https:\/\/orthopara.store\/index.php\/produit\/baume-a-levres-paillete-laino-senteur-fraise\/","og_site_name":"OrthoPara","article_publisher":"https:\/\/www.facebook.com\/profile.php?id=61561194315651","article_modified_time":"2024-11-04T16:30:50+00:00","og_image":[{"width":800,"height":800,"url":"https:\/\/orthopara.store\/wp-content\/uploads\/2024\/06\/baume-a-levres-paillete-laino-senteur-fraise.jpg","type":"image\/jpeg"}],"twitter_card":"summary_large_image","twitter_misc":{"Dur\u00e9e de lecture estim\u00e9e":"1 minute"},"schema":{"@context":"https:\/\/schema.org","@graph":[{"@type":"WebPage","@id":"https:\/\/orthopara.store\/index.php\/produit\/baume-a-levres-paillete-laino-senteur-fraise\/","url":"https:\/\/orthopara.store\/index.php\/produit\/baume-a-levres-paillete-laino-senteur-fraise\/","name":"Baume \u00e0 l\u00e8vres paillet\u00e9 - Laino - senteur fraise - OrthoPara","isPartOf":{"@id":"https:\/\/orthopara.store\/#website"},"primaryImageOfPage":{"@id":"https:\/\/orthopara.store\/index.php\/produit\/baume-a-levres-paillete-laino-senteur-fraise\/#primaryimage"},"image":{"@id":"https:\/\/orthopara.store\/index.php\/produit\/baume-a-levres-paillete-laino-senteur-fraise\/#primaryimage"},"thumbnailUrl":"https:\/\/orthopara.store\/wp-content\/uploads\/2024\/06\/baume-a-levres-paillete-laino-senteur-fraise.jpg","datePublished":"2024-06-28T13:51:00+00:00","dateModified":"2024-11-04T16:30:50+00:00","breadcrumb":{"@id":"https:\/\/orthopara.store\/index.php\/produit\/baume-a-levres-paillete-laino-senteur-fraise\/#breadcrumb"},"inLanguage":"fr-FR","potentialAction":[{"@type":"ReadAction","target":["https:\/\/orthopara.store\/index.php\/produit\/baume-a-levres-paillete-laino-senteur-fraise\/"]}]},{"@type":"ImageObject","inLanguage":"fr-FR","@id":"https:\/\/orthopara.store\/index.php\/produit\/baume-a-levres-paillete-laino-senteur-fraise\/#primaryimage","url":"https:\/\/orthopara.store\/wp-content\/uploads\/2024\/06\/baume-a-levres-paillete-laino-senteur-fraise.jpg","contentUrl":"https:\/\/orthopara.store\/wp-content\/uploads\/2024\/06\/baume-a-levres-paillete-laino-senteur-fraise.jpg","width":800,"height":800},{"@type":"BreadcrumbList","@id":"https:\/\/orthopara.store\/index.php\/produit\/baume-a-levres-paillete-laino-senteur-fraise\/#breadcrumb","itemListElement":[{"@type":"ListItem","position":1,"name":"Accueil","item":"https:\/\/orthopara.store\/"},{"@type":"ListItem","position":2,"name":"Shop","item":"https:\/\/orthopara.store\/?page_id=622"},{"@type":"ListItem","position":3,"name":"Baume \u00e0 l\u00e8vres paillet\u00e9 &#8211; Laino &#8211; senteur fraise"}]},{"@type":"WebSite","@id":"https:\/\/orthopara.store\/#website","url":"https:\/\/orthopara.store\/","name":"OrthoPara","description":"Parapharmacie","publisher":{"@id":"https:\/\/orthopara.store\/#organization"},"potentialAction":[{"@type":"SearchAction","target":{"@type":"EntryPoint","urlTemplate":"https:\/\/orthopara.store\/?s={search_term_string}"},"query-input":"required name=search_term_string"}],"inLanguage":"fr-FR"},{"@type":"Organization","@id":"https:\/\/orthopara.store\/#organization","name":"OrthoPara","url":"https:\/\/orthopara.store\/","logo":{"@type":"ImageObject","inLanguage":"fr-FR","@id":"https:\/\/orthopara.store\/#\/schema\/logo\/image\/","url":"https:\/\/orthopara.store\/wp-content\/uploads\/2024\/06\/cropped-9ABA8BAD-6256-4719-9315-15C66E64E882.png","contentUrl":"https:\/\/orthopara.store\/wp-content\/uploads\/2024\/06\/cropped-9ABA8BAD-6256-4719-9315-15C66E64E882.png","width":240,"height":72,"caption":"OrthoPara"},"image":{"@id":"https:\/\/orthopara.store\/#\/schema\/logo\/image\/"},"sameAs":["https:\/\/www.facebook.com\/profile.php?id=61561194315651","https:\/\/www.instagram.com\/orthopara_tunisie\/"]}]}},"jetpack_sharing_enabled":true,"brands":[{"id":51,"name":"LAINO","slug":"laino"}],"_links":{"self":[{"href":"https:\/\/orthopara.store\/index.php?rest_route=\/wp\/v2\/product\/986","targetHints":{"allow":["GET"]}}],"collection":[{"href":"https:\/\/orthopara.store\/index.php?rest_route=\/wp\/v2\/product"}],"about":[{"href":"https:\/\/orthopara.store\/index.php?rest_route=\/wp\/v2\/types\/product"}],"replies":[{"embeddable":true,"href":"https:\/\/orthopara.store\/index.php?rest_route=%2Fwp%2Fv2%2Fcomments&post=986"}],"wp:featuredmedia":[{"embeddable":true,"href":"https:\/\/orthopara.store\/index.php?rest_route=\/wp\/v2\/media\/1012"}],"wp:attachment":[{"href":"https:\/\/orthopara.store\/index.php?rest_route=%2Fwp%2Fv2%2Fmedia&parent=986"}],"wp:term":[{"taxonomy":"pwb-brand","embeddable":true,"href":"https:\/\/orthopara.store\/index.php?rest_route=%2Fwp%2Fv2%2Fpwb-brand&post=986"},{"taxonomy":"product_cat","embeddable":true,"href":"https:\/\/orthopara.store\/index.php?rest_route=%2Fwp%2Fv2%2Fproduct_cat&post=986"},{"taxonomy":"product_tag","embeddable":true,"href":"https:\/\/orthopara.store\/index.php?rest_route=%2Fwp%2Fv2%2Fproduct_tag&post=986"}],"curies":[{"name":"wp","href":"https:\/\/api.w.org\/{rel}","templated":true}]}}